{"id":10547,"date":"2025-09-03T18:08:20","date_gmt":"2025-09-03T16:08:20","guid":{"rendered":"https:\/\/diskursfestival.de\/?page_id=10547"},"modified":"2025-10-27T23:57:20","modified_gmt":"2025-10-27T22:57:20","slug":"protest-architectures","status":"publish","type":"page","link":"https:\/\/diskursfestival.de\/en\/protest-architectures\/","title":{"rendered":"Oliver Hardt: PROTEST\/ARCHITECTURE"},"content":{"rendered":"<div data-elementor-type=\"wp-page\" data-elementor-id=\"10547\" class=\"elementor elementor-10547\" data-elementor-post-type=\"page\">\n\t\t\t\t<div class=\"elementor-element elementor-element-590c84d e-flex e-con-boxed e-con e-parent\" data-id=\"590c84d\" data-element_type=\"container\">\n\t\t\t\t\t<div class=\"e-con-inner\">\n\t\t\t\t<div class=\"elementor-element elementor-element-ac27a83 elementor--h-position-center elementor--v-position-middle elementor-arrows-position-inside elementor-pagination-position-inside elementor-widget elementor-widget-slides\" data-id=\"ac27a83\" data-element_type=\"widget\" data-settings=\"{&quot;navigation&quot;:&quot;both&quot;,&quot;infinite&quot;:&quot;yes&quot;,&quot;transition&quot;:&quot;slide&quot;,&quot;transition_speed&quot;:500}\" data-widget_type=\"slides.default\">\n\t\t\t\t<div class=\"elementor-widget-container\">\n\t\t\t\t\t\t\t\t\t<div class=\"elementor-swiper\">\n\t\t\t\t\t<div class=\"elementor-slides-wrapper elementor-main-swiper swiper\" role=\"region\" aria-roledescription=\"carousel\" aria-label=\"Protest Architectures\" dir=\"ltr\" data-animation=\"\">\n\t\t\t\t<div class=\"swiper-wrapper elementor-slides\">\n\t\t\t\t\t\t\t\t\t\t<div class=\"elementor-repeater-item-7ccab63 swiper-slide\" role=\"group\" aria-roledescription=\"slide\"><div class=\"swiper-slide-bg\" role=\"img\"><\/div><div class=\"swiper-slide-inner\" ><div class=\"swiper-slide-contents\"><div  class=\"elementor-button elementor-slide-button elementor-size-xs\">No ticket or registration necessary<\/div><\/div><\/div><\/div><div class=\"elementor-repeater-item-3c581eb swiper-slide\" role=\"group\" aria-roledescription=\"slide\"><div class=\"swiper-slide-bg\" role=\"img\"><\/div><div class=\"swiper-slide-inner\" ><div class=\"swiper-slide-contents\"><div  class=\"elementor-button elementor-slide-button elementor-size-xs\">No ticket or registration necessary<\/div><\/div><\/div><\/div>\t\t\t\t<\/div>\n\t\t\t\t\t\t\t\t\t\t\t\t\t\t\t<div class=\"elementor-swiper-button elementor-swiper-button-prev\" role=\"button\" tabindex=\"0\" aria-label=\"Previous slide\">\n\t\t\t\t\t\t\t<svg aria-hidden=\"true\" class=\"e-font-icon-svg e-eicon-chevron-left\" viewbox=\"0 0 1000 1000\" xmlns=\"http:\/\/www.w3.org\/2000\/svg\"><path d=\"M646 125C629 125 613 133 604 142L308 442C296 454 292 471 292 487 292 504 296 521 308 533L604 854C617 867 629 875 646 875 663 875 679 871 692 858 704 846 713 829 713 812 713 796 708 779 692 767L438 487 692 225C700 217 708 204 708 187 708 171 704 154 692 142 675 129 663 125 646 125Z\"><\/path><\/svg>\t\t\t\t\t\t<\/div>\n\t\t\t\t\t\t<div class=\"elementor-swiper-button elementor-swiper-button-next\" role=\"button\" tabindex=\"0\" aria-label=\"Next slide\">\n\t\t\t\t\t\t\t<svg aria-hidden=\"true\" class=\"e-font-icon-svg e-eicon-chevron-right\" viewbox=\"0 0 1000 1000\" xmlns=\"http:\/\/www.w3.org\/2000\/svg\"><path d=\"M696 533C708 521 713 504 713 487 713 471 708 454 696 446L400 146C388 133 375 125 354 125 338 125 325 129 313 142 300 154 292 171 292 187 292 204 296 221 308 233L563 492 304 771C292 783 288 800 288 817 288 833 296 850 308 863 321 871 338 875 354 875 371 875 388 867 400 854L696 533Z\"><\/path><\/svg>\t\t\t\t\t\t<\/div>\n\t\t\t\t\t\t\t\t\t\t\t\t\t\t\t\t<div class=\"swiper-pagination\"><\/div>\n\t\t\t\t\t\t\t\t\t\t\t\t<\/div>\n\t\t\t\t<\/div>\n\t\t\t\t\t\t\t\t<\/div>\n\t\t\t\t<\/div>\n\t\t\t\t\t<\/div>\n\t\t\t\t<\/div>\n\t\t<div class=\"elementor-element elementor-element-65f13ea e-flex e-con-boxed e-con e-parent\" data-id=\"65f13ea\" data-element_type=\"container\">\n\t\t\t\t\t<div class=\"e-con-inner\">\n\t\t\t\t<div class=\"elementor-element elementor-element-3ffbe47 elementor-widget elementor-widget-text-editor\" data-id=\"3ffbe47\" data-element_type=\"widget\" data-widget_type=\"text-editor.default\">\n\t\t\t\t<div class=\"elementor-widget-container\">\n\t\t\t\t\t\t\t\t\t<h5>When protests move into public spaces and take root there, blockading, defending, or seizing these spaces, they produce protest architecture. The conceptual documentary <strong>Protest\/Architecture<\/strong>, which consists entirely of archive material, captures the essence of twelve powerful protest movements between 1968 and 2023 in five chapters. The dynamic montage emphasizes the structural bonds and similarities between the protests in occupying public spaces, living in self-created temporary structures, and resisting their eviction and destruction by the police or the army. Much of the archive material comes from activists and filmmakers who have shown solidarity with the respective protest movements, which gives the film a unique perspective on the events.The choice of images, the montage, and the soundtrack emphasize the power of mass protests against oppression and social injustice.<\/h5>\t\t\t\t\t\t\t\t<\/div>\n\t\t\t\t<\/div>\n\t\t\t\t\t<\/div>\n\t\t\t\t<\/div>\n\t\t<div class=\"elementor-element elementor-element-15aa9fc e-grid e-con-boxed e-con e-parent\" data-id=\"15aa9fc\" data-element_type=\"container\">\n\t\t\t\t\t<div class=\"e-con-inner\">\n\t\t\t\t<div class=\"elementor-element elementor-element-9714857 elementor-widget elementor-widget-text-editor\" data-id=\"9714857\" data-element_type=\"widget\" data-widget_type=\"text-editor.default\">\n\t\t\t\t<div class=\"elementor-widget-container\">\n\t\t\t\t\t\t\t\t\t<h4><strong>Duration:<\/strong> 16:20 min, im Loop<\/h4><h4><strong>Content notes:<\/strong><\/h4><h4><span style=\"font-weight: 400;\">Physical violence, noise, explosions (chapters IV and V)<\/span><\/h4><h4>\u00a0<\/h4><h5>\u00a0<\/h5>\t\t\t\t\t\t\t\t<\/div>\n\t\t\t\t<\/div>\n\t\t\t\t<div class=\"elementor-element elementor-element-c6fe3c0 elementor-widget elementor-widget-text-editor\" data-id=\"c6fe3c0\" data-element_type=\"widget\" data-widget_type=\"text-editor.default\">\n\t\t\t\t<div class=\"elementor-widget-container\">\n\t\t\t\t\t\t\t\t\t<h4>06.11.2025 18:00-20:00 Foyer Theaterlabor<\/h4><h4>06.11.2025 21:00-22:00 Foyer Theaterlabor<\/h4><h4>07.11.2025 14:00-22:00 Foyer Theaterlabor<\/h4><h4>08.11.2025 14:00-22:00 Foyer Theaterlabor<\/h4><h4>09.11.2025 13:00-20:00 Foyer Theaterlabor<\/h4><h5>\u00a0<\/h5>\t\t\t\t\t\t\t\t<\/div>\n\t\t\t\t<\/div>\n\t\t\t\t\t<\/div>\n\t\t\t\t<\/div>\n\t\t<div class=\"elementor-element elementor-element-5518a70 e-flex e-con-boxed e-con e-parent\" data-id=\"5518a70\" data-element_type=\"container\">\n\t\t\t\t\t<div class=\"e-con-inner\">\n\t\t\t\t<div class=\"elementor-element elementor-element-89aff3a elementor-widget elementor-widget-n-accordion\" data-id=\"89aff3a\" data-element_type=\"widget\" data-settings=\"{&quot;default_state&quot;:&quot;all_collapsed&quot;,&quot;max_items_expended&quot;:&quot;one&quot;,&quot;n_accordion_animation_duration&quot;:{&quot;unit&quot;:&quot;ms&quot;,&quot;size&quot;:400,&quot;sizes&quot;:[]}}\" data-widget_type=\"nested-accordion.default\">\n\t\t\t\t<div class=\"elementor-widget-container\">\n\t\t\t\t\t\t\t<div class=\"e-n-accordion\" aria-label=\"Accordion. Open links with Enter or Space, close with Escape, and navigate with Arrow Keys\">\n\t\t\t\t\t\t<details id=\"e-n-accordion-item-1440\" class=\"e-n-accordion-item\" >\n\t\t\t\t<summary class=\"e-n-accordion-item-title\" data-accordion-index=\"1\" tabindex=\"0\" aria-expanded=\"false\" aria-controls=\"e-n-accordion-item-1440\" >\n\t\t\t\t\t<span class='e-n-accordion-item-title-header'><div class=\"e-n-accordion-item-title-text\"> Credits <\/div><\/span>\n\t\t\t\t\t\t\t<span class='e-n-accordion-item-title-icon'>\n\t\t\t<span class='e-opened' ><svg aria-hidden=\"true\" class=\"e-font-icon-svg e-fas-minus\" viewbox=\"0 0 448 512\" xmlns=\"http:\/\/www.w3.org\/2000\/svg\"><path d=\"M416 208H32c-17.67 0-32 14.33-32 32v32c0 17.67 14.33 32 32 32h384c17.67 0 32-14.33 32-32v-32c0-17.67-14.33-32-32-32z\"><\/path><\/svg><\/span>\n\t\t\t<span class='e-closed'><svg aria-hidden=\"true\" class=\"e-font-icon-svg e-fas-chevron-down\" viewbox=\"0 0 448 512\" xmlns=\"http:\/\/www.w3.org\/2000\/svg\"><path d=\"M207.029 381.476L12.686 187.132c-9.373-9.373-9.373-24.569 0-33.941l22.667-22.667c9.357-9.357 24.522-9.375 33.901-.04L224 284.505l154.745-154.021c9.379-9.335 24.544-9.317 33.901.04l22.667 22.667c9.373 9.373 9.373 24.569 0 33.941L240.971 381.476c-9.373 9.372-24.569 9.372-33.942 0z\"><\/path><\/svg><\/span>\n\t\t<\/span>\n\n\t\t\t\t\t\t<\/summary>\n\t\t\t\t<div role=\"region\" aria-labelledby=\"e-n-accordion-item-1440\" class=\"elementor-element elementor-element-11b7e45 e-con-full e-flex e-con e-child\" data-id=\"11b7e45\" data-element_type=\"container\">\n\t\t<div role=\"region\" aria-labelledby=\"e-n-accordion-item-1440\" class=\"elementor-element elementor-element-ce0d64a e-con-full e-flex e-con e-child\" data-id=\"ce0d64a\" data-element_type=\"container\">\n\t\t\t\t<div class=\"elementor-element elementor-element-83f1a2b elementor-widget elementor-widget-text-editor\" data-id=\"83f1a2b\" data-element_type=\"widget\" data-widget_type=\"text-editor.default\">\n\t\t\t\t<div class=\"elementor-widget-container\">\n\t\t\t\t\t\t\t\t\t<h5><strong>Editing:<\/strong> Sanjeev Hathiramani<\/h5><h5><strong>Soundtrack and Mix:<\/strong> Albrecht Kunze<\/h5><h5><strong>Graphic Design:<\/strong> Christina Kral<\/h5><h5><strong>Motion Graphics:<\/strong> Michael Wagner<\/h5>\t\t\t\t\t\t\t\t<\/div>\n\t\t\t\t<\/div>\n\t\t\t\t<\/div>\n\t\t\t\t<\/div>\n\t\t\t\t\t<\/details>\n\t\t\t\t\t<\/div>\n\t\t\t\t\t\t<\/div>\n\t\t\t\t<\/div>\n\t\t\t\t<div class=\"elementor-element elementor-element-1fae638 elementor-widget elementor-widget-n-accordion\" data-id=\"1fae638\" data-element_type=\"widget\" data-settings=\"{&quot;default_state&quot;:&quot;all_collapsed&quot;,&quot;max_items_expended&quot;:&quot;one&quot;,&quot;n_accordion_animation_duration&quot;:{&quot;unit&quot;:&quot;ms&quot;,&quot;size&quot;:400,&quot;sizes&quot;:[]}}\" data-widget_type=\"nested-accordion.default\">\n\t\t\t\t<div class=\"elementor-widget-container\">\n\t\t\t\t\t\t\t<div class=\"e-n-accordion\" aria-label=\"Accordion. Open links with Enter or Space, close with Escape, and navigate with Arrow Keys\">\n\t\t\t\t\t\t<details id=\"e-n-accordion-item-3320\" class=\"e-n-accordion-item\" >\n\t\t\t\t<summary class=\"e-n-accordion-item-title\" data-accordion-index=\"1\" tabindex=\"0\" aria-expanded=\"false\" aria-controls=\"e-n-accordion-item-3320\" >\n\t\t\t\t\t<span class='e-n-accordion-item-title-header'><div class=\"e-n-accordion-item-title-text\"> \u00fcber Oliver Hardt <\/div><\/span>\n\t\t\t\t\t\t\t<span class='e-n-accordion-item-title-icon'>\n\t\t\t<span class='e-opened' ><svg aria-hidden=\"true\" class=\"e-font-icon-svg e-fas-minus\" viewbox=\"0 0 448 512\" xmlns=\"http:\/\/www.w3.org\/2000\/svg\"><path d=\"M416 208H32c-17.67 0-32 14.33-32 32v32c0 17.67 14.33 32 32 32h384c17.67 0 32-14.33 32-32v-32c0-17.67-14.33-32-32-32z\"><\/path><\/svg><\/span>\n\t\t\t<span class='e-closed'><svg aria-hidden=\"true\" class=\"e-font-icon-svg e-fas-chevron-down\" viewbox=\"0 0 448 512\" xmlns=\"http:\/\/www.w3.org\/2000\/svg\"><path d=\"M207.029 381.476L12.686 187.132c-9.373-9.373-9.373-24.569 0-33.941l22.667-22.667c9.357-9.357 24.522-9.375 33.901-.04L224 284.505l154.745-154.021c9.379-9.335 24.544-9.317 33.901.04l22.667 22.667c9.373 9.373 9.373 24.569 0 33.941L240.971 381.476c-9.373 9.372-24.569 9.372-33.942 0z\"><\/path><\/svg><\/span>\n\t\t<\/span>\n\n\t\t\t\t\t\t<\/summary>\n\t\t\t\t<div role=\"region\" aria-labelledby=\"e-n-accordion-item-3320\" class=\"elementor-element elementor-element-8051840 e-con-full e-flex e-con e-child\" data-id=\"8051840\" data-element_type=\"container\">\n\t\t\t\t<div class=\"elementor-element elementor-element-6ea938c elementor-widget elementor-widget-text-editor\" data-id=\"6ea938c\" data-element_type=\"widget\" data-widget_type=\"text-editor.default\">\n\t\t\t\t<div class=\"elementor-widget-container\">\n\t\t\t\t\t\t\t\t\t<h5>Alumni of Angewandte Theaterwissenschaft Gie\u00dfen (diploma in 1991)<\/h5><h5>Artistic director of DISKURS FESTIVAL 1989<\/h5><h5><strong>Oliver Hardt<\/strong> is an award winning director, writer and filmmaker based in Frankfurt am Main. For almost 30 years, he has continously explored the multifaceted possibilities of film \u2013 as visual material, documentary tool, and storytelling medium \u2013 resulting in a body of work of political and artistic relevance. In his documentaries, Oliver explores the social and aesthetic dimensions of architecture, design and contemporary art with a strong emphasis on the achievements of the African diaspora. His roster of internationally acclaimed films includes Black Deutschland (2006), a cinematic exploration of black life in Germany; The United States of Hoodoo (2011), a road trip to the spiritual sources of African-American culture; David Adjaye \u2013 Collaborations (2015), a portrait of the Ghanaian-British star architect through the eyes of friends, collaborators, and clients; and The Black Museum (2018), a documentary feature about the National Museum of African American History and Culture in Washington D.C., commissioned by ZDF\/Arte. In 2023, he created the film installation Protest\/Architecture as a centerpiece for the exhibition of the same title, on view at DAM \u2013 German Architecture Museum in Frankfurt, MAK \u2013 Museum of Applied Arts Vienna, and the Maidan Museum in Kyiv. In the same year, Oliver won the Hessian Film Prize for his screenplay Jumoke, which serves as the basis for his feature film debut.<\/h5><h5>Oliver \u0301s work has been presented internationally at film festivals such as IDFA, Doku.Arts Filmfestival Berlin, Milano Design Film Festival, International Festival of Films on Art Montreal, BlackStar Filmfest Philadelphia, Revelation International Filmfestival Perth as well as at major art and design institutions, including the Art Institute of Chicago, Garage Museum Moscow, Haus der Kunst Munich, CAPC Bordeaux, Museum of the African Diaspora San Francisco, Guggenheim Museum Bilbao, MAK\u2013Museum of Applied Arts Vienna, and the Design Museum London.<\/h5><h5>In addition to his practice as a filmmaker and screenwriter, Oliver regularly writes texts for art magazines and curates film programs for cultural institutions such as the Schirn Kunsthalle Frankfurt and the PalaisPopulaire in Berlin. Oliver is a member of the European Film Academy and the German section of the Association Internationale des Critiques d\u2019Art (AICA).<\/h5>\t\t\t\t\t\t\t\t<\/div>\n\t\t\t\t<\/div>\n\t\t\t\t<\/div>\n\t\t\t\t\t<\/details>\n\t\t\t\t\t<\/div>\n\t\t\t\t\t\t<\/div>\n\t\t\t\t<\/div>\n\t\t\t\t\t<\/div>\n\t\t\t\t<\/div>\n\t\t<div class=\"elementor-element elementor-element-caefac1 e-flex e-con-boxed e-con e-parent\" data-id=\"caefac1\" data-element_type=\"container\">\n\t\t\t\t\t<div class=\"e-con-inner\">\n\t\t\t\t<div class=\"elementor-element elementor-element-6a410c9 elementor-widget elementor-widget-google_maps\" data-id=\"6a410c9\" data-element_type=\"widget\" data-widget_type=\"google_maps.default\">\n\t\t\t\t<div class=\"elementor-widget-container\">\n\t\t\t\t\t\t\t<div class=\"elementor-custom-embed\">\n\t\t\t<iframe loading=\"lazy\"\n\t\t\t\t\tsrc=\"https:\/\/maps.google.com\/maps?q=theaterlabor%2C%20giessen&#038;t=m&#038;z=17&#038;output=embed&#038;iwloc=near\"\n\t\t\t\t\ttitle=\"theaterlabor, giessen\"\n\t\t\t\t\taria-label=\"theaterlabor, giessen\"\n\t\t\t><\/iframe>\n\t\t<\/div>\n\t\t\t\t\t\t<\/div>\n\t\t\t\t<\/div>\n\t\t\t\t\t<\/div>\n\t\t\t\t<\/div>\n\t\t\t\t<\/div>","protected":false},"excerpt":{"rendered":"<p>kein Ticket oder Anmeldung notwendigkein Ticket oder Anmeldung notwendig Wenn Proteste in den \u00f6ffentlichen Raum vordringen und sich dort festsetzen, indem sie diese R\u00e4ume blockieren, verteidigen oder besetzen, entsteht Protestarchitektur. Der konzeptionelle Dokumentarfilm Protest\/Architecture, der ausschlie\u00dflich aus Archivmaterial besteht, f\u00e4ngt in f\u00fcnf Kapiteln die Essenz von zw\u00f6lf m\u00e4chtigen Protestbewegungen zwischen 1968 und 2023 ein. Die [&hellip;]<\/p>\n","protected":false},"author":1,"featured_media":0,"parent":0,"menu_order":0,"comment_status":"closed","ping_status":"closed","template":"","meta":{"footnotes":""},"class_list":["post-10547","page","type-page","status-publish","hentry"],"_links":{"self":[{"href":"https:\/\/diskursfestival.de\/en\/wp-json\/wp\/v2\/pages\/10547","targetHints":{"allow":["GET"]}}],"collection":[{"href":"https:\/\/diskursfestival.de\/en\/wp-json\/wp\/v2\/pages"}],"about":[{"href":"https:\/\/diskursfestival.de\/en\/wp-json\/wp\/v2\/types\/page"}],"author":[{"embeddable":true,"href":"https:\/\/diskursfestival.de\/en\/wp-json\/wp\/v2\/users\/1"}],"replies":[{"embeddable":true,"href":"https:\/\/diskursfestival.de\/en\/wp-json\/wp\/v2\/comments?post=10547"}],"version-history":[{"count":44,"href":"https:\/\/diskursfestival.de\/en\/wp-json\/wp\/v2\/pages\/10547\/revisions"}],"predecessor-version":[{"id":11318,"href":"https:\/\/diskursfestival.de\/en\/wp-json\/wp\/v2\/pages\/10547\/revisions\/11318"}],"wp:attachment":[{"href":"https:\/\/diskursfestival.de\/en\/wp-json\/wp\/v2\/media?parent=10547"}],"curies":[{"name":"wp","href":"https:\/\/api.w.org\/{rel}","templated":true}]}}