{"id":10976,"date":"2025-10-07T14:41:17","date_gmt":"2025-10-07T12:41:17","guid":{"rendered":"https:\/\/diskursfestival.de\/?page_id=10976"},"modified":"2025-10-24T14:50:14","modified_gmt":"2025-10-24T12:50:14","slug":"geh-zur-ruh","status":"publish","type":"page","link":"https:\/\/diskursfestival.de\/en\/geh-zur-ruh\/","title":{"rendered":"\u00e4\u00f6\u00fc: GEH ZUR RUH&#8216;"},"content":{"rendered":"<div data-elementor-type=\"wp-page\" data-elementor-id=\"10976\" class=\"elementor elementor-10976\" data-elementor-post-type=\"page\">\n\t\t\t\t<div class=\"elementor-element elementor-element-561f6dde e-flex e-con-boxed e-con e-parent\" data-id=\"561f6dde\" data-element_type=\"container\" data-e-type=\"container\">\n\t\t\t\t\t<div class=\"e-con-inner\">\n\t\t\t\t<div class=\"elementor-element elementor-element-290097cc elementor--h-position-center elementor--v-position-middle elementor-arrows-position-inside elementor-pagination-position-inside elementor-widget elementor-widget-slides\" data-id=\"290097cc\" data-element_type=\"widget\" data-e-type=\"widget\" data-settings=\"{&quot;navigation&quot;:&quot;both&quot;,&quot;infinite&quot;:&quot;yes&quot;,&quot;transition&quot;:&quot;slide&quot;,&quot;transition_speed&quot;:500}\" data-widget_type=\"slides.default\">\n\t\t\t\t<div class=\"elementor-widget-container\">\n\t\t\t\t\t\t\t\t\t<div class=\"elementor-swiper\">\n\t\t\t\t\t<div class=\"elementor-slides-wrapper elementor-main-swiper swiper\" role=\"region\" aria-roledescription=\"carousel\" aria-label=\"Geh zur Ruh&#039;\" dir=\"ltr\" data-animation=\"\">\n\t\t\t\t<div class=\"swiper-wrapper elementor-slides\">\n\t\t\t\t\t\t\t\t\t\t<div class=\"elementor-repeater-item-7ccab63 swiper-slide\" role=\"group\" aria-roledescription=\"slide\"><div class=\"swiper-slide-bg\" role=\"img\" aria-label=\"Kopie von aeoue_Geh zur Ruh_Credit_Frenschkowski_3\"><\/div><a class=\"swiper-slide-inner\" href=\"https:\/\/pretix.eu\/diskursfestival\/2025\/4650033\/\"><div class=\"swiper-slide-contents\"><div  class=\"elementor-button elementor-slide-button elementor-size-xs\">Buy ticket<\/div><\/div><\/a><\/div><div class=\"elementor-repeater-item-3c581eb swiper-slide\" role=\"group\" aria-roledescription=\"slide\"><div class=\"swiper-slide-bg\" role=\"img\" aria-label=\"Kopie von aeoue_Geh zur Ruh_Credit_Frenschkowski_1\"><\/div><a class=\"swiper-slide-inner\" href=\"https:\/\/pretix.eu\/diskursfestival\/2025\/4650033\/\"><div class=\"swiper-slide-contents\"><div  class=\"elementor-button elementor-slide-button elementor-size-xs\">Buy ticket<\/div><\/div><\/a><\/div><div class=\"elementor-repeater-item-e94e310 swiper-slide\" role=\"group\" aria-roledescription=\"slide\"><div class=\"swiper-slide-bg\" role=\"img\" aria-label=\"Kopie von aeoue_Geh zur Ruh_Credit_Frenschkowski_2\"><\/div><a class=\"swiper-slide-inner\" href=\"https:\/\/pretix.eu\/diskursfestival\/2025\/4650033\/\"><div class=\"swiper-slide-contents\"><div  class=\"elementor-button elementor-slide-button elementor-size-xs\">Buy ticket<\/div><\/div><\/a><\/div>\t\t\t\t<\/div>\n\t\t\t\t\t\t\t\t\t\t\t\t\t\t\t<div class=\"elementor-swiper-button elementor-swiper-button-prev\" role=\"button\" tabindex=\"0\" aria-label=\"Previous slide\">\n\t\t\t\t\t\t\t<svg aria-hidden=\"true\" class=\"e-font-icon-svg e-eicon-chevron-left\" viewbox=\"0 0 1000 1000\" xmlns=\"http:\/\/www.w3.org\/2000\/svg\"><path d=\"M646 125C629 125 613 133 604 142L308 442C296 454 292 471 292 487 292 504 296 521 308 533L604 854C617 867 629 875 646 875 663 875 679 871 692 858 704 846 713 829 713 812 713 796 708 779 692 767L438 487 692 225C700 217 708 204 708 187 708 171 704 154 692 142 675 129 663 125 646 125Z\"><\/path><\/svg>\t\t\t\t\t\t<\/div>\n\t\t\t\t\t\t<div class=\"elementor-swiper-button elementor-swiper-button-next\" role=\"button\" tabindex=\"0\" aria-label=\"Next slide\">\n\t\t\t\t\t\t\t<svg aria-hidden=\"true\" class=\"e-font-icon-svg e-eicon-chevron-right\" viewbox=\"0 0 1000 1000\" xmlns=\"http:\/\/www.w3.org\/2000\/svg\"><path d=\"M696 533C708 521 713 504 713 487 713 471 708 454 696 446L400 146C388 133 375 125 354 125 338 125 325 129 313 142 300 154 292 171 292 187 292 204 296 221 308 233L563 492 304 771C292 783 288 800 288 817 288 833 296 850 308 863 321 871 338 875 354 875 371 875 388 867 400 854L696 533Z\"><\/path><\/svg>\t\t\t\t\t\t<\/div>\n\t\t\t\t\t\t\t\t\t\t\t\t\t\t\t\t<div class=\"swiper-pagination\"><\/div>\n\t\t\t\t\t\t\t\t\t\t\t\t<\/div>\n\t\t\t\t<\/div>\n\t\t\t\t\t\t\t\t<\/div>\n\t\t\t\t<\/div>\n\t\t\t\t\t<\/div>\n\t\t\t\t<\/div>\n\t\t<div class=\"elementor-element elementor-element-1a1dfa4 e-flex e-con-boxed e-con e-parent\" data-id=\"1a1dfa4\" data-element_type=\"container\" data-e-type=\"container\">\n\t\t\t\t\t<div class=\"e-con-inner\">\n\t\t\t\t<div class=\"elementor-element elementor-element-512a8fad elementor-widget__width-inherit elementor-widget elementor-widget-text-editor\" data-id=\"512a8fad\" data-element_type=\"widget\" data-e-type=\"widget\" data-widget_type=\"text-editor.default\">\n\t\t\t\t<div class=\"elementor-widget-container\">\n\t\t\t\t\t\t\t\t\t<h5>M\u00fcde bist du? Herzliche\u00a0 Einladung zum Fest auf Ersch\u00f6pfungen. Deine, meine, die des deutschen Gesundheitssystems und ausgeleierter Utopien der vergangenen Jahrzehnte. Dort, wo f\u00fcr Ersch\u00f6pfte bis zur Mitte der 1990er Jahre noch staatliche Vorsorge geleistet wurde, Fuss- und Sonnenb\u00e4der, Waldspazierg\u00e4nge, Heilwasser, Heuwickel und Theater auf Rezept, finden sich heute kommerzielle Thermenlandschaften und Rehakliniken. Die Kur ist abgeschafft. An ihre Stelle ist die Ersch\u00f6pfung getreten.<\/h5><h5>Wie k\u00f6nnen wir ihr begegnen? Welche Praktiken k\u00f6nnen wir gemeinsam erlernen, um der Kraft nicht hinterherzulaufen, sondern eine Vorsorgepraxis zu etablieren? <strong>Geh zur Ruh&#8216;<\/strong> is a theatrical evening of pause and revolution, between staying in bed and healing protest.<\/h5><h5>&#8222;M\u00fcde bin ich. Das ist okay. Leg dich hin und ruh dich aus. Ich lecke deine Wunden. Ich gips dich ein. Ich h\u00f6r dir zu. Ich bau dir eine H\u00f6hle. Da legen wir uns rein. Da wollen wir ausruhen.&#8220;<\/h5>\t\t\t\t\t\t\t\t<\/div>\n\t\t\t\t<\/div>\n\t\t<div class=\"elementor-element elementor-element-3458df2 e-con-full e-flex e-con e-child\" data-id=\"3458df2\" data-element_type=\"container\" data-e-type=\"container\">\n\t\t\t\t<div class=\"elementor-element elementor-element-14432b5 elementor-widget elementor-widget-text-editor\" data-id=\"14432b5\" data-element_type=\"widget\" data-e-type=\"widget\" data-widget_type=\"text-editor.default\">\n\t\t\t\t<div class=\"elementor-widget-container\">\n\t\t\t\t\t\t\t\t\t<h4><b>Content note<\/b><\/h4><h4>Thematisierung von Ersch\u00f6pfung und Burn-Out-Symptomen, Nebel, Dunkelheit, Langsamkeit<\/h4><h5>\u00a0<\/h5>\t\t\t\t\t\t\t\t<\/div>\n\t\t\t\t<\/div>\n\t\t\t\t<\/div>\n\t\t<div class=\"elementor-element elementor-element-3ad59683 e-con-full e-flex e-con e-child\" data-id=\"3ad59683\" data-element_type=\"container\" data-e-type=\"container\">\n\t\t\t\t<div class=\"elementor-element elementor-element-a4aa09e elementor-widget elementor-widget-text-editor\" data-id=\"a4aa09e\" data-element_type=\"widget\" data-e-type=\"widget\" data-widget_type=\"text-editor.default\">\n\t\t\t\t<div class=\"elementor-widget-container\">\n\t\t\t\t\t\t\t\t\t<h4>08.11.2025 20:00<\/h4><h4>Theaterlabor<\/h4><h5>\u00a0<\/h5>\t\t\t\t\t\t\t\t<\/div>\n\t\t\t\t<\/div>\n\t\t\t\t<\/div>\n\t\t\t\t\t<\/div>\n\t\t\t\t<\/div>\n\t\t<div class=\"elementor-element elementor-element-26cb7f1 e-flex e-con-boxed e-con e-parent\" data-id=\"26cb7f1\" data-element_type=\"container\" data-e-type=\"container\">\n\t\t\t\t\t<div class=\"e-con-inner\">\n\t\t\t\t<div class=\"elementor-element elementor-element-591c1557 elementor-widget elementor-widget-n-accordion\" data-id=\"591c1557\" data-element_type=\"widget\" data-e-type=\"widget\" data-settings=\"{&quot;default_state&quot;:&quot;all_collapsed&quot;,&quot;max_items_expended&quot;:&quot;one&quot;,&quot;n_accordion_animation_duration&quot;:{&quot;unit&quot;:&quot;ms&quot;,&quot;size&quot;:400,&quot;sizes&quot;:[]}}\" data-widget_type=\"nested-accordion.default\">\n\t\t\t\t<div class=\"elementor-widget-container\">\n\t\t\t\t\t\t\t<div class=\"e-n-accordion\" aria-label=\"Accordion. Open links with Enter or Space, close with Escape, and navigate with Arrow Keys\">\n\t\t\t\t\t\t<details id=\"e-n-accordion-item-1490\" class=\"e-n-accordion-item\" >\n\t\t\t\t<summary class=\"e-n-accordion-item-title\" data-accordion-index=\"1\" tabindex=\"0\" aria-expanded=\"false\" aria-controls=\"e-n-accordion-item-1490\" >\n\t\t\t\t\t<span class='e-n-accordion-item-title-header'><div class=\"e-n-accordion-item-title-text\"> \u00fcber \u00e4\u00f6\u00fc <\/div><\/span>\n\t\t\t\t\t\t\t<span class='e-n-accordion-item-title-icon'>\n\t\t\t<span class='e-opened' ><svg aria-hidden=\"true\" class=\"e-font-icon-svg e-fas-minus\" viewbox=\"0 0 448 512\" xmlns=\"http:\/\/www.w3.org\/2000\/svg\"><path d=\"M416 208H32c-17.67 0-32 14.33-32 32v32c0 17.67 14.33 32 32 32h384c17.67 0 32-14.33 32-32v-32c0-17.67-14.33-32-32-32z\"><\/path><\/svg><\/span>\n\t\t\t<span class='e-closed'><svg aria-hidden=\"true\" class=\"e-font-icon-svg e-fas-chevron-down\" viewbox=\"0 0 448 512\" xmlns=\"http:\/\/www.w3.org\/2000\/svg\"><path d=\"M207.029 381.476L12.686 187.132c-9.373-9.373-9.373-24.569 0-33.941l22.667-22.667c9.357-9.357 24.522-9.375 33.901-.04L224 284.505l154.745-154.021c9.379-9.335 24.544-9.317 33.901.04l22.667 22.667c9.373 9.373 9.373 24.569 0 33.941L240.971 381.476c-9.373 9.372-24.569 9.372-33.942 0z\"><\/path><\/svg><\/span>\n\t\t<\/span>\n\n\t\t\t\t\t\t<\/summary>\n\t\t\t\t<div role=\"region\" aria-labelledby=\"e-n-accordion-item-1490\" class=\"elementor-element elementor-element-46a17311 e-con-full e-flex e-con e-child\" data-id=\"46a17311\" data-element_type=\"container\" data-e-type=\"container\">\n\t\t\t\t<div class=\"elementor-element elementor-element-17d80c3 elementor-widget elementor-widget-text-editor\" data-id=\"17d80c3\" data-element_type=\"widget\" data-e-type=\"widget\" data-widget_type=\"text-editor.default\">\n\t\t\t\t<div class=\"elementor-widget-container\">\n\t\t\t\t\t\t\t\t\t<h5><em>\u00e4\u00f6\u00fc<\/em> \u2013 das sind erstmal zwei: Das 2018 in einer Regionalbahn zwischen Bochum und Gie\u00dfen gegr\u00fcndete Theater- &amp; Performancekollektiv von Patricia Bechtold und Johannes Karl. Schon vor der Gr\u00fcndung von \u00e4\u00f6\u00fc haben sie gemeinsam Projekte am Zimmertheater T\u00fcbingen entwickelt und Sprechtheater, Tanz und Performance aufeinanderprallen lassen. Im Kontext ihrer (post-)postdramatischen Masterstudieng\u00e4nge (Szenische Forschung Bochum &amp; Angewandte Theaterwissenschaft Gie\u00dfen) gr\u00fcndeten sie <em>\u00e4\u00f6\u00fc<\/em>. Seitdem arbeiten sie kontinuierlich von Bochum aus in dieser Konstellation. Ihre gr\u00f6\u00dfte Inspirationsquelle und Forschungs-gegenstand ist der Alltag. Das, was so omnipr\u00e4sent ist, dass man es gern \u00fcbersieht. Sie sammeln und erforschen Alltagsgegenst\u00e4nde, bilden aus ihnen Formationen auf der B\u00fchne, stellen sich mit ihnen durch ihre eigenen K\u00f6rper in ein Verh\u00e4ltnis, zeichnen Beziehungsstrukturen zwischen und zu den Dingen. Mit Elementen aus Sprache, bildender Kunst, Tanz und Theorie transformieren sie die Alltagsfundst\u00fccke zu sinnlich-abstrakten Erz\u00e4hlr\u00e4umen. Ihre Arbeiten befinden sich zwischen Performance, Theater und Installation, sie bedienen sich aber auch schamlos anderer Genres, wenn es ihr Forschungs-gegenstand anbietet. Die Kollaboration auf Augenh\u00f6he mit anderen K\u00fcnstler:innen ist dabei wesentlich f\u00fcr ihre Arbeitsweise. <em>\u00e4\u00f6\u00fc<\/em> ist also immer zwei Plus.<\/h5><h5>Ihre Arbeiten sind und waren auf verschiedenen Festivals in NRW und auch dar\u00fcber hinaus zu sehen, beispielsweise ihre Installation A B S A T Z beim Atelier Nr. 63 auf PACT Zollverein und beim HTA-Tag 2020 in Frankfurt am Main, und ihre Operetten- Performance \u201eAus dem Innenleben eines Staubsaugerbeutels\u201c u.a. beim FAVORITEN Festival 2020 in Dortmund, beim MADE-Festival Hessen 2022, HAUPTSACHE FREI #7 in Hamburg und beim Fritz-Wortelmann-Preis 2021 in Bochum. 2022 gewann die Performance \u201eAus dem Innenleben eines Staubsaugerbeutels\u201c den Jurypreis des MADE-Festivals in Kassel. 2023 gewannen sie den Ostholzpreis f\u00fcr ihre k\u00fcnstlerische Intervention \u201eWaldbaden\/\/auf Kur\u201c.<\/h5>\t\t\t\t\t\t\t\t<\/div>\n\t\t\t\t<\/div>\n\t\t\t\t<\/div>\n\t\t\t\t\t<\/details>\n\t\t\t\t\t<\/div>\n\t\t\t\t\t\t<\/div>\n\t\t\t\t<\/div>\n\t\t\t\t<div class=\"elementor-element elementor-element-578002a elementor-widget elementor-widget-n-accordion\" data-id=\"578002a\" data-element_type=\"widget\" data-e-type=\"widget\" data-settings=\"{&quot;default_state&quot;:&quot;all_collapsed&quot;,&quot;max_items_expended&quot;:&quot;one&quot;,&quot;n_accordion_animation_duration&quot;:{&quot;unit&quot;:&quot;ms&quot;,&quot;size&quot;:400,&quot;sizes&quot;:[]}}\" data-widget_type=\"nested-accordion.default\">\n\t\t\t\t<div class=\"elementor-widget-container\">\n\t\t\t\t\t\t\t<div class=\"e-n-accordion\" aria-label=\"Accordion. Open links with Enter or Space, close with Escape, and navigate with Arrow Keys\">\n\t\t\t\t\t\t<details id=\"e-n-accordion-item-9170\" class=\"e-n-accordion-item\" >\n\t\t\t\t<summary class=\"e-n-accordion-item-title\" data-accordion-index=\"1\" tabindex=\"0\" aria-expanded=\"false\" aria-controls=\"e-n-accordion-item-9170\" >\n\t\t\t\t\t<span class='e-n-accordion-item-title-header'><div class=\"e-n-accordion-item-title-text\"> Credits <\/div><\/span>\n\t\t\t\t\t\t\t<span class='e-n-accordion-item-title-icon'>\n\t\t\t<span class='e-opened' ><svg aria-hidden=\"true\" class=\"e-font-icon-svg e-fas-minus\" viewbox=\"0 0 448 512\" xmlns=\"http:\/\/www.w3.org\/2000\/svg\"><path d=\"M416 208H32c-17.67 0-32 14.33-32 32v32c0 17.67 14.33 32 32 32h384c17.67 0 32-14.33 32-32v-32c0-17.67-14.33-32-32-32z\"><\/path><\/svg><\/span>\n\t\t\t<span class='e-closed'><svg aria-hidden=\"true\" class=\"e-font-icon-svg e-fas-chevron-down\" viewbox=\"0 0 448 512\" xmlns=\"http:\/\/www.w3.org\/2000\/svg\"><path d=\"M207.029 381.476L12.686 187.132c-9.373-9.373-9.373-24.569 0-33.941l22.667-22.667c9.357-9.357 24.522-9.375 33.901-.04L224 284.505l154.745-154.021c9.379-9.335 24.544-9.317 33.901.04l22.667 22.667c9.373 9.373 9.373 24.569 0 33.941L240.971 381.476c-9.373 9.372-24.569 9.372-33.942 0z\"><\/path><\/svg><\/span>\n\t\t<\/span>\n\n\t\t\t\t\t\t<\/summary>\n\t\t\t\t<div role=\"region\" aria-labelledby=\"e-n-accordion-item-9170\" class=\"elementor-element elementor-element-6220f10 e-con-full e-flex e-con e-child\" data-id=\"6220f10\" data-element_type=\"container\" data-e-type=\"container\">\n\t\t\t\t<div class=\"elementor-element elementor-element-882dd66 elementor-widget elementor-widget-text-editor\" data-id=\"882dd66\" data-element_type=\"widget\" data-e-type=\"widget\" data-widget_type=\"text-editor.default\">\n\t\t\t\t<div class=\"elementor-widget-container\">\n\t\t\t\t\t\t\t\t\t<h5><strong>K\u00fcnstlerische Leitung &amp; Performance<\/strong>: \u00e4\u00f6\u00fc<br \/>(Patricia Bechtold &amp; Johannes Karl)<\/h5><h5><strong>B\u00fchne &amp; Kost\u00fcm:<\/strong> Sofia Falsone<\/h5><h5><strong>Text:<\/strong> Sina Ahlers<\/h5><h5><strong>Dramaturgie:<\/strong> Franziska Schneeberger<\/h5><h5><strong>Sound &amp; Digitales:<\/strong> Matthias Erian<\/h5><h5><strong>Lichtdesign &amp; Technik:<\/strong> Simon Lenzen<\/h5><h5><strong>production:<\/strong> Carina Graf<\/h5><h5><strong>Outside Eye:<\/strong> Fanti Baum<\/h5>\t\t\t\t\t\t\t\t<\/div>\n\t\t\t\t<\/div>\n\t\t\t\t<\/div>\n\t\t\t\t\t<\/details>\n\t\t\t\t\t<\/div>\n\t\t\t\t\t\t<\/div>\n\t\t\t\t<\/div>\n\t\t\t\t\t<\/div>\n\t\t\t\t<\/div>\n\t\t<div class=\"elementor-element elementor-element-14c7a6f e-flex e-con-boxed e-con e-parent\" data-id=\"14c7a6f\" data-element_type=\"container\" data-e-type=\"container\">\n\t\t\t\t\t<div class=\"e-con-inner\">\n\t\t\t\t<div class=\"elementor-element elementor-element-c19573d elementor-widget elementor-widget-google_maps\" data-id=\"c19573d\" data-element_type=\"widget\" data-e-type=\"widget\" data-widget_type=\"google_maps.default\">\n\t\t\t\t<div class=\"elementor-widget-container\">\n\t\t\t\t\t\t\t<div class=\"elementor-custom-embed\">\n\t\t\t<iframe loading=\"lazy\"\n\t\t\t\t\tsrc=\"https:\/\/maps.google.com\/maps?q=Theaterlabor%2C%20giessen&#038;t=m&#038;z=17&#038;output=embed&#038;iwloc=near\"\n\t\t\t\t\ttitle=\"Theaterlabor, giessen\"\n\t\t\t\t\taria-label=\"Theaterlabor, giessen\"\n\t\t\t><\/iframe>\n\t\t<\/div>\n\t\t\t\t\t\t<\/div>\n\t\t\t\t<\/div>\n\t\t\t\t\t<\/div>\n\t\t\t\t<\/div>\n\t\t\t\t<\/div>","protected":false},"excerpt":{"rendered":"<p>Ticket kaufenTicket kaufenTicket kaufen M\u00fcde bist du? Herzliche\u00a0 Einladung zum Fest auf Ersch\u00f6pfungen. Deine, meine, die des deutschen Gesundheitssystems und ausgeleierter Utopien der vergangenen Jahrzehnte. Dort, wo f\u00fcr Ersch\u00f6pfte bis zur Mitte der 1990er Jahre noch staatliche Vorsorge geleistet wurde, Fuss- und Sonnenb\u00e4der, Waldspazierg\u00e4nge, Heilwasser, Heuwickel und Theater auf Rezept, finden sich heute kommerzielle Thermenlandschaften [&hellip;]<\/p>\n","protected":false},"author":1,"featured_media":0,"parent":0,"menu_order":0,"comment_status":"closed","ping_status":"closed","template":"","meta":{"footnotes":""},"class_list":["post-10976","page","type-page","status-publish","hentry"],"_links":{"self":[{"href":"https:\/\/diskursfestival.de\/en\/wp-json\/wp\/v2\/pages\/10976","targetHints":{"allow":["GET"]}}],"collection":[{"href":"https:\/\/diskursfestival.de\/en\/wp-json\/wp\/v2\/pages"}],"about":[{"href":"https:\/\/diskursfestival.de\/en\/wp-json\/wp\/v2\/types\/page"}],"author":[{"embeddable":true,"href":"https:\/\/diskursfestival.de\/en\/wp-json\/wp\/v2\/users\/1"}],"replies":[{"embeddable":true,"href":"https:\/\/diskursfestival.de\/en\/wp-json\/wp\/v2\/comments?post=10976"}],"version-history":[{"count":19,"href":"https:\/\/diskursfestival.de\/en\/wp-json\/wp\/v2\/pages\/10976\/revisions"}],"predecessor-version":[{"id":11303,"href":"https:\/\/diskursfestival.de\/en\/wp-json\/wp\/v2\/pages\/10976\/revisions\/11303"}],"wp:attachment":[{"href":"https:\/\/diskursfestival.de\/en\/wp-json\/wp\/v2\/media?parent=10976"}],"curies":[{"name":"wp","href":"https:\/\/api.w.org\/{rel}","templated":true}]}}