{"id":11030,"date":"2025-10-08T12:25:58","date_gmt":"2025-10-08T10:25:58","guid":{"rendered":"https:\/\/diskursfestival.de\/?page_id=11030"},"modified":"2025-10-29T15:47:16","modified_gmt":"2025-10-29T14:47:16","slug":"blickwechsel","status":"publish","type":"page","link":"https:\/\/diskursfestival.de\/en\/blickwechsel\/","title":{"rendered":"Janina M\u00f6bius: BLICKWECHSEL"},"content":{"rendered":"<div data-elementor-type=\"wp-page\" data-elementor-id=\"11030\" class=\"elementor elementor-11030\" data-elementor-post-type=\"page\">\n\t\t\t\t<div class=\"elementor-element elementor-element-1792dd78 e-flex e-con-boxed e-con e-parent\" data-id=\"1792dd78\" data-element_type=\"container\">\n\t\t\t\t\t<div class=\"e-con-inner\">\n\t\t\t\t<div class=\"elementor-element elementor-element-730dacdf elementor--h-position-center elementor--v-position-middle elementor-arrows-position-inside elementor-pagination-position-inside elementor-widget elementor-widget-slides\" data-id=\"730dacdf\" data-element_type=\"widget\" data-settings=\"{&quot;navigation&quot;:&quot;both&quot;,&quot;infinite&quot;:&quot;yes&quot;,&quot;transition&quot;:&quot;slide&quot;,&quot;transition_speed&quot;:500}\" data-widget_type=\"slides.default\">\n\t\t\t\t<div class=\"elementor-widget-container\">\n\t\t\t\t\t\t\t\t\t<div class=\"elementor-swiper\">\n\t\t\t\t\t<div class=\"elementor-slides-wrapper elementor-main-swiper swiper\" role=\"region\" aria-roledescription=\"carousel\" aria-label=\"Protest Architectures\" dir=\"ltr\" data-animation=\"\">\n\t\t\t\t<div class=\"swiper-wrapper elementor-slides\">\n\t\t\t\t\t\t\t\t\t\t<div class=\"elementor-repeater-item-9086598 swiper-slide\" role=\"group\" aria-roledescription=\"slide\"><div class=\"swiper-slide-bg\" role=\"img\"><\/div><a class=\"swiper-slide-inner\" href=\"https:\/\/pretix.eu\/diskursfestival\/2025\/4678679\/\"><div class=\"swiper-slide-contents\"><div  class=\"elementor-button elementor-slide-button elementor-size-xs\">registration<\/div><\/div><\/a><\/div><div class=\"elementor-repeater-item-7ccab63 swiper-slide\" role=\"group\" aria-roledescription=\"slide\"><div class=\"swiper-slide-bg\" role=\"img\"><\/div><a class=\"swiper-slide-inner\" href=\"https:\/\/pretix.eu\/diskursfestival\/2025\/4678679\/\"><div class=\"swiper-slide-contents\"><div  class=\"elementor-button elementor-slide-button elementor-size-xs\">registration<\/div><\/div><\/a><\/div><div class=\"elementor-repeater-item-3c581eb swiper-slide\" role=\"group\" aria-roledescription=\"slide\"><div class=\"swiper-slide-bg\" role=\"img\"><\/div><a class=\"swiper-slide-inner\" href=\"https:\/\/pretix.eu\/diskursfestival\/2025\/4678679\/\"><div class=\"swiper-slide-contents\"><div  class=\"elementor-button elementor-slide-button elementor-size-xs\">registration<\/div><\/div><\/a><\/div><div class=\"elementor-repeater-item-7961563 swiper-slide\" role=\"group\" aria-roledescription=\"slide\"><div class=\"swiper-slide-bg\" role=\"img\"><\/div><a class=\"swiper-slide-inner\" href=\"https:\/\/pretix.eu\/diskursfestival\/2025\/4678679\/\"><div class=\"swiper-slide-contents\"><div  class=\"elementor-button elementor-slide-button elementor-size-xs\">registration<\/div><\/div><\/a><\/div>\t\t\t\t<\/div>\n\t\t\t\t\t\t\t\t\t\t\t\t\t\t\t<div class=\"elementor-swiper-button elementor-swiper-button-prev\" role=\"button\" tabindex=\"0\" aria-label=\"Previous slide\" data-no-translation-aria-label=\"\">\n\t\t\t\t\t\t\t<svg aria-hidden=\"true\" class=\"e-font-icon-svg e-eicon-chevron-left\" viewbox=\"0 0 1000 1000\" xmlns=\"http:\/\/www.w3.org\/2000\/svg\"><path d=\"M646 125C629 125 613 133 604 142L308 442C296 454 292 471 292 487 292 504 296 521 308 533L604 854C617 867 629 875 646 875 663 875 679 871 692 858 704 846 713 829 713 812 713 796 708 779 692 767L438 487 692 225C700 217 708 204 708 187 708 171 704 154 692 142 675 129 663 125 646 125Z\"><\/path><\/svg>\t\t\t\t\t\t<\/div>\n\t\t\t\t\t\t<div class=\"elementor-swiper-button elementor-swiper-button-next\" role=\"button\" tabindex=\"0\" aria-label=\"Next slide\" data-no-translation-aria-label=\"\">\n\t\t\t\t\t\t\t<svg aria-hidden=\"true\" class=\"e-font-icon-svg e-eicon-chevron-right\" viewbox=\"0 0 1000 1000\" xmlns=\"http:\/\/www.w3.org\/2000\/svg\"><path d=\"M696 533C708 521 713 504 713 487 713 471 708 454 696 446L400 146C388 133 375 125 354 125 338 125 325 129 313 142 300 154 292 171 292 187 292 204 296 221 308 233L563 492 304 771C292 783 288 800 288 817 288 833 296 850 308 863 321 871 338 875 354 875 371 875 388 867 400 854L696 533Z\"><\/path><\/svg>\t\t\t\t\t\t<\/div>\n\t\t\t\t\t\t\t\t\t\t\t\t\t\t\t\t<div class=\"swiper-pagination\"><\/div>\n\t\t\t\t\t\t\t\t\t\t\t\t<\/div>\n\t\t\t\t<\/div>\n\t\t\t\t\t\t\t\t<\/div>\n\t\t\t\t<\/div>\n\t\t\t\t\t<\/div>\n\t\t\t\t<\/div>\n\t\t<div class=\"elementor-element elementor-element-52a4e54c e-flex e-con-boxed e-con e-parent\" data-id=\"52a4e54c\" data-element_type=\"container\">\n\t\t\t\t\t<div class=\"e-con-inner\">\n\t\t\t\t<div class=\"elementor-element elementor-element-306cb8d6 elementor-widget elementor-widget-text-editor\" data-id=\"306cb8d6\" data-element_type=\"widget\" data-widget_type=\"text-editor.default\">\n\t\t\t\t<div class=\"elementor-widget-container\">\n\t\t\t\t\t\t\t\t\t<h5>Culture is one of the main targets of far-right forces. In recent years, the ideological campaign against the arts has become increasingly overt, with friend-foe distinctions being reintroduced: the local family theatre is denied further funding because it attended a demonstration against right-wing extremism. Contemporary analogies are removed from the script of a youth theatre group dealing with the Nazi era. The queer-feminist collective is threatened with violence on social media. All this and much more has happened in recent months. In \u2018BLICKWECHSEL\u2019 (Change of Perspective), director Janina M\u00f6bius examines this development in dialogue with Rimini Protokoll, CHICKS*, Katharina Warda, Julia Wissert and many other personalities from the worlds of art, culture and science.\u00a0<\/h5><h5>Insights into performances and plays from across the spectrum of the performing arts show not only how they counteract increasing polarisation. When the citizens' jury in the Harz region discusses and selects the queer-feminist play, when the chronology of racist attacks in 2020 is traced as a performative indictment in Hanau Town Hall, and when children talk about stereotypes and class differences in front of the theatre doors in East Berlin, it becomes very clear how the performing arts invite us to reflect and think ahead together on a daily basis. And in doing so, they strengthen democracy in the long term.<\/h5><h5><em>Ein Film im Auftrag des Fonds Darstellende K\u00fcnste.<\/em><\/h5>\t\t\t\t\t\t\t\t<\/div>\n\t\t\t\t<\/div>\n\t\t<div class=\"elementor-element elementor-element-4436dd6f e-con-full e-flex e-con e-child\" data-id=\"4436dd6f\" data-element_type=\"container\">\n\t\t\t\t<div class=\"elementor-element elementor-element-25e487fb elementor-widget elementor-widget-text-editor\" data-id=\"25e487fb\" data-element_type=\"widget\" data-widget_type=\"text-editor.default\">\n\t\t\t\t<div class=\"elementor-widget-container\">\n\t\t\t\t\t\t\t\t\t<h4><b>Content note<\/b><\/h4><h4>\u2013<\/h4>\t\t\t\t\t\t\t\t<\/div>\n\t\t\t\t<\/div>\n\t\t\t\t<\/div>\n\t\t<div class=\"elementor-element elementor-element-564e7ec1 e-con-full e-flex e-con e-child\" data-id=\"564e7ec1\" data-element_type=\"container\">\n\t\t\t\t<div class=\"elementor-element elementor-element-79c4e39a elementor-widget elementor-widget-text-editor\" data-id=\"79c4e39a\" data-element_type=\"widget\" data-widget_type=\"text-editor.default\">\n\t\t\t\t<div class=\"elementor-widget-container\">\n\t\t\t\t\t\t\t\t\t<h4>07.11.2025 20:00<\/h4><h4>Georg B\u00fcchner Saal, Alte Universit\u00e4sbibliotek<\/h4>\t\t\t\t\t\t\t\t<\/div>\n\t\t\t\t<\/div>\n\t\t\t\t<\/div>\n\t\t\t\t\t<\/div>\n\t\t\t\t<\/div>\n\t\t<div class=\"elementor-element elementor-element-21440c6c e-flex e-con-boxed e-con e-parent\" data-id=\"21440c6c\" data-element_type=\"container\">\n\t\t\t\t\t<div class=\"e-con-inner\">\n\t\t\t\t<div class=\"elementor-element elementor-element-7acc4b36 elementor-widget elementor-widget-n-accordion\" data-id=\"7acc4b36\" data-element_type=\"widget\" data-settings=\"{&quot;default_state&quot;:&quot;all_collapsed&quot;,&quot;max_items_expended&quot;:&quot;one&quot;,&quot;n_accordion_animation_duration&quot;:{&quot;unit&quot;:&quot;ms&quot;,&quot;size&quot;:400,&quot;sizes&quot;:[]}}\" data-widget_type=\"nested-accordion.default\">\n\t\t\t\t<div class=\"elementor-widget-container\">\n\t\t\t\t\t\t\t<div class=\"e-n-accordion\" aria-label=\"Accordion. Open links with Enter or Space, close with Escape, and navigate with Arrow Keys\">\n\t\t\t\t\t\t<details id=\"e-n-accordion-item-2060\" class=\"e-n-accordion-item\" >\n\t\t\t\t<summary class=\"e-n-accordion-item-title\" data-accordion-index=\"1\" tabindex=\"0\" aria-expanded=\"false\" aria-controls=\"e-n-accordion-item-2060\" >\n\t\t\t\t\t<span class='e-n-accordion-item-title-header'><div class=\"e-n-accordion-item-title-text\"> Credits <\/div><\/span>\n\t\t\t\t\t\t\t<span class='e-n-accordion-item-title-icon'>\n\t\t\t<span class='e-opened' ><svg aria-hidden=\"true\" class=\"e-font-icon-svg e-fas-minus\" viewbox=\"0 0 448 512\" xmlns=\"http:\/\/www.w3.org\/2000\/svg\"><path d=\"M416 208H32c-17.67 0-32 14.33-32 32v32c0 17.67 14.33 32 32 32h384c17.67 0 32-14.33 32-32v-32c0-17.67-14.33-32-32-32z\"><\/path><\/svg><\/span>\n\t\t\t<span class='e-closed'><svg aria-hidden=\"true\" class=\"e-font-icon-svg e-fas-chevron-down\" viewbox=\"0 0 448 512\" xmlns=\"http:\/\/www.w3.org\/2000\/svg\"><path d=\"M207.029 381.476L12.686 187.132c-9.373-9.373-9.373-24.569 0-33.941l22.667-22.667c9.357-9.357 24.522-9.375 33.901-.04L224 284.505l154.745-154.021c9.379-9.335 24.544-9.317 33.901.04l22.667 22.667c9.373 9.373 9.373 24.569 0 33.941L240.971 381.476c-9.373 9.372-24.569 9.372-33.942 0z\"><\/path><\/svg><\/span>\n\t\t<\/span>\n\n\t\t\t\t\t\t<\/summary>\n\t\t\t\t<div role=\"region\" aria-labelledby=\"e-n-accordion-item-2060\" class=\"elementor-element elementor-element-5271af91 e-con-full e-flex e-con e-child\" data-id=\"5271af91\" data-element_type=\"container\">\n\t\t\t\t<div class=\"elementor-element elementor-element-2cec734a elementor-widget elementor-widget-text-editor\" data-id=\"2cec734a\" data-element_type=\"widget\" data-widget_type=\"text-editor.default\">\n\t\t\t\t<div class=\"elementor-widget-container\">\n\t\t\t\t\t\t\t\t\t<h5><strong>Written and directed by:<\/strong> Janina M\u00f6bius<\/h5><h5><strong> Camera:<\/strong> Ralf Ilgenfritz, Michael Weihrauch<\/h5><h5><strong>Sound:<\/strong> Rainer Gerlach<\/h5><h5><strong>Editing:<\/strong> Michael Weihrauch<\/h5><h5><strong>Graphic:<\/strong> Stefanie Saghri<\/h5><h5><strong>Color grading and mixing:<\/strong> Ralf Ilgenfritz<\/h5><h5><strong>Assistant director:<\/strong> Isabel Aguirre Siemer<\/h5><h5><strong>Producer:<\/strong> Silvana Santamaria<\/h5><h5><strong>Editorial team:<\/strong> Sebastian K\u00f6the, Steffen Klewar, Anna Kondring<\/h5><h5><em>A film by Janina M\u00f6bius commissioned by Fonds Darstellende K\u00fcnste. Production: Soilfilms. Funded by: The Federal Government Commissioner for Culture and the Media as part of NEUSTART KULTUR.<\/em><\/h5>\t\t\t\t\t\t\t\t<\/div>\n\t\t\t\t<\/div>\n\t\t<div role=\"region\" aria-labelledby=\"e-n-accordion-item-2060\" class=\"elementor-element elementor-element-bec659f e-con-full e-grid e-con e-child\" data-id=\"bec659f\" data-element_type=\"container\">\n\t\t\t\t<div class=\"elementor-element elementor-element-cb14e57 elementor-widget elementor-widget-image\" data-id=\"cb14e57\" data-element_type=\"widget\" data-widget_type=\"image.default\">\n\t\t\t\t<div class=\"elementor-widget-container\">\n\t\t\t\t\t\t\t\t\t\t\t\t\t\t\t<img decoding=\"async\" width=\"138\" height=\"44\" src=\"https:\/\/diskursfestival.de\/wp-content\/uploads\/2025\/08\/fondsdaku-logo.svg\" class=\"attachment-large size-large wp-image-10298\" alt=\"\" \/>\t\t\t\t\t\t\t\t\t\t\t\t\t\t\t<\/div>\n\t\t\t\t<\/div>\n\t\t\t\t<div class=\"elementor-element elementor-element-1def2c5 elementor-widget elementor-widget-image\" data-id=\"1def2c5\" data-element_type=\"widget\" data-widget_type=\"image.default\">\n\t\t\t\t<div class=\"elementor-widget-container\">\n\t\t\t\t\t\t\t\t\t\t\t\t\t\t\t<img fetchpriority=\"high\" decoding=\"async\" width=\"800\" height=\"783\" src=\"https:\/\/diskursfestival.de\/wp-content\/uploads\/2025\/10\/BKM_Neustart_Kultur_Wortmarke_neg_RGB_RZ-1024x1002.png\" class=\"attachment-large size-large wp-image-11036\" alt=\"\" srcset=\"https:\/\/diskursfestival.de\/wp-content\/uploads\/2025\/10\/BKM_Neustart_Kultur_Wortmarke_neg_RGB_RZ-1024x1002.png 1024w, https:\/\/diskursfestival.de\/wp-content\/uploads\/2025\/10\/BKM_Neustart_Kultur_Wortmarke_neg_RGB_RZ-300x294.png 300w, https:\/\/diskursfestival.de\/wp-content\/uploads\/2025\/10\/BKM_Neustart_Kultur_Wortmarke_neg_RGB_RZ-768x752.png 768w, https:\/\/diskursfestival.de\/wp-content\/uploads\/2025\/10\/BKM_Neustart_Kultur_Wortmarke_neg_RGB_RZ-12x12.png 12w, https:\/\/diskursfestival.de\/wp-content\/uploads\/2025\/10\/BKM_Neustart_Kultur_Wortmarke_neg_RGB_RZ-1320x1292.png 1320w, https:\/\/diskursfestival.de\/wp-content\/uploads\/2025\/10\/BKM_Neustart_Kultur_Wortmarke_neg_RGB_RZ.png 1323w\" sizes=\"(max-width: 800px) 100vw, 800px\" \/>\t\t\t\t\t\t\t\t\t\t\t\t\t\t\t<\/div>\n\t\t\t\t<\/div>\n\t\t\t\t<div class=\"elementor-element elementor-element-ebf3ddf elementor-widget elementor-widget-image\" data-id=\"ebf3ddf\" data-element_type=\"widget\" data-widget_type=\"image.default\">\n\t\t\t\t<div class=\"elementor-widget-container\">\n\t\t\t\t\t\t\t\t\t\t\t\t\t\t\t<img decoding=\"async\" width=\"245\" height=\"100\" src=\"https:\/\/diskursfestival.de\/wp-content\/uploads\/2025\/10\/BKM_Web_de.gif\" class=\"attachment-large size-large wp-image-11037\" alt=\"\" \/>\t\t\t\t\t\t\t\t\t\t\t\t\t\t\t<\/div>\n\t\t\t\t<\/div>\n\t\t\t\t<\/div>\n\t\t\t\t<\/div>\n\t\t\t\t\t<\/details>\n\t\t\t\t\t<\/div>\n\t\t\t\t\t\t<\/div>\n\t\t\t\t<\/div>\n\t\t\t\t\t<\/div>\n\t\t\t\t<\/div>\n\t\t<div class=\"elementor-element elementor-element-6b1207ab e-flex e-con-boxed e-con e-parent\" data-id=\"6b1207ab\" data-element_type=\"container\">\n\t\t\t\t\t<div class=\"e-con-inner\">\n\t\t\t\t<div class=\"elementor-element elementor-element-1eca29b1 elementor-widget elementor-widget-google_maps\" data-id=\"1eca29b1\" data-element_type=\"widget\" data-widget_type=\"google_maps.default\">\n\t\t\t\t<div class=\"elementor-widget-container\">\n\t\t\t\t\t\t\t<div class=\"elementor-custom-embed\">\n\t\t\t<iframe loading=\"lazy\"\n\t\t\t\t\tsrc=\"https:\/\/maps.google.com\/maps?q=seltersweg%2050%2C%20Giessen&#038;t=m&#038;z=17&#038;output=embed&#038;iwloc=near\"\n\t\t\t\t\ttitle=\"seltersweg 50, Giessen\"\n\t\t\t\t\taria-label=\"seltersweg 50, Giessen\"\n\t\t\t><\/iframe>\n\t\t<\/div>\n\t\t\t\t\t\t<\/div>\n\t\t\t\t<\/div>\n\t\t\t\t\t<\/div>\n\t\t\t\t<\/div>\n\t\t\t\t<\/div>","protected":false},"excerpt":{"rendered":"<p>AnmeldungAnmeldungAnmeldungAnmeldung Die Kultur ist eines der wichtigsten Angriffsziele rechtsextremer Kr\u00e4fte. Der ideologische Feldzug gegen die K\u00fcnste wurde dabei in den vergangenen Jahren immer offener ausgetragen, Freund-Feind-Demarkierungen wieder eingef\u00fchrt: Dem \u00f6rtlichen Familientheater wird wegen des Besuchs einer Demo gegen Rechtsextremismus die Weiterfinanzierung versagt. Der Jugendtheatergruppe, die sich mit der NS-Zeit auseinandersetzt, werden zeitgen\u00f6ssische Analogien aus dem [&hellip;]<\/p>\n","protected":false},"author":1,"featured_media":0,"parent":0,"menu_order":0,"comment_status":"closed","ping_status":"closed","template":"","meta":{"footnotes":""},"class_list":["post-11030","page","type-page","status-publish","hentry"],"_links":{"self":[{"href":"https:\/\/diskursfestival.de\/en\/wp-json\/wp\/v2\/pages\/11030","targetHints":{"allow":["GET"]}}],"collection":[{"href":"https:\/\/diskursfestival.de\/en\/wp-json\/wp\/v2\/pages"}],"about":[{"href":"https:\/\/diskursfestival.de\/en\/wp-json\/wp\/v2\/types\/page"}],"author":[{"embeddable":true,"href":"https:\/\/diskursfestival.de\/en\/wp-json\/wp\/v2\/users\/1"}],"replies":[{"embeddable":true,"href":"https:\/\/diskursfestival.de\/en\/wp-json\/wp\/v2\/comments?post=11030"}],"version-history":[{"count":26,"href":"https:\/\/diskursfestival.de\/en\/wp-json\/wp\/v2\/pages\/11030\/revisions"}],"predecessor-version":[{"id":11352,"href":"https:\/\/diskursfestival.de\/en\/wp-json\/wp\/v2\/pages\/11030\/revisions\/11352"}],"wp:attachment":[{"href":"https:\/\/diskursfestival.de\/en\/wp-json\/wp\/v2\/media?parent=11030"}],"curies":[{"name":"wp","href":"https:\/\/api.w.org\/{rel}","templated":true}]}}