{"id":11047,"date":"2025-10-09T12:38:49","date_gmt":"2025-10-09T10:38:49","guid":{"rendered":"https:\/\/diskursfestival.de\/?page_id=11047"},"modified":"2025-10-29T15:55:05","modified_gmt":"2025-10-29T14:55:05","slug":"weak-women","status":"publish","type":"page","link":"https:\/\/diskursfestival.de\/en\/weak-women\/","title":{"rendered":"Eva Prie\u010dkov\u00e1 &#038; Zuzana \u017dabkov\u00e1: WEAK WOMEN"},"content":{"rendered":"<div data-elementor-type=\"wp-page\" data-elementor-id=\"11047\" class=\"elementor elementor-11047\" data-elementor-post-type=\"page\">\n\t\t\t\t<div class=\"elementor-element elementor-element-47b562c2 e-flex e-con-boxed e-con e-parent\" data-id=\"47b562c2\" data-element_type=\"container\" data-e-type=\"container\">\n\t\t\t\t\t<div class=\"e-con-inner\">\n\t\t\t\t<div class=\"elementor-element elementor-element-2b83a87d elementor--h-position-center elementor--v-position-middle elementor-arrows-position-inside elementor-pagination-position-inside elementor-widget elementor-widget-slides\" data-id=\"2b83a87d\" data-element_type=\"widget\" data-e-type=\"widget\" data-settings=\"{&quot;navigation&quot;:&quot;both&quot;,&quot;infinite&quot;:&quot;yes&quot;,&quot;transition&quot;:&quot;slide&quot;,&quot;transition_speed&quot;:500}\" data-widget_type=\"slides.default\">\n\t\t\t\t<div class=\"elementor-widget-container\">\n\t\t\t\t\t\t\t\t\t<div class=\"elementor-swiper\">\n\t\t\t\t\t<div class=\"elementor-slides-wrapper elementor-main-swiper swiper\" role=\"region\" aria-roledescription=\"carousel\" aria-label=\"Protest Architectures\" dir=\"ltr\" data-animation=\"\">\n\t\t\t\t<div class=\"swiper-wrapper elementor-slides\">\n\t\t\t\t\t\t\t\t\t\t<div class=\"elementor-repeater-item-7ccab63 swiper-slide\" role=\"group\" aria-roledescription=\"slide\"><div class=\"swiper-slide-bg\" role=\"img\" aria-label=\"foto: Nat\u00e1lia Zaja\u010dikov\u00e1\"><\/div><a class=\"swiper-slide-inner\" href=\"https:\/\/pretix.eu\/diskursfestival\/2025\/4650029\/\"><div class=\"swiper-slide-contents\"><div  class=\"elementor-button elementor-slide-button elementor-size-xs\">Buy ticket<\/div><\/div><\/a><\/div><div class=\"elementor-repeater-item-3c581eb swiper-slide\" role=\"group\" aria-roledescription=\"slide\"><div class=\"swiper-slide-bg\" role=\"img\" aria-label=\"foto: Nat\u00e1lia Zaja\u010dikov\u00e1\"><\/div><a class=\"swiper-slide-inner\" href=\"https:\/\/pretix.eu\/diskursfestival\/2025\/4650029\/\"><div class=\"swiper-slide-contents\"><div  class=\"elementor-button elementor-slide-button elementor-size-xs\">Buy ticket<\/div><\/div><\/a><\/div><div class=\"elementor-repeater-item-7961563 swiper-slide\" role=\"group\" aria-roledescription=\"slide\"><div class=\"swiper-slide-bg\" role=\"img\" aria-label=\"foto: Nat\u00e1lia Zaja\u010dikov\u00e1\"><\/div><a class=\"swiper-slide-inner\" href=\"https:\/\/pretix.eu\/diskursfestival\/2025\/4650029\/\"><div class=\"swiper-slide-contents\"><div  class=\"elementor-button elementor-slide-button elementor-size-xs\">Buy ticket<\/div><\/div><\/a><\/div><div class=\"elementor-repeater-item-dace44b swiper-slide\" role=\"group\" aria-roledescription=\"slide\"><div class=\"swiper-slide-bg\" role=\"img\" aria-label=\"foto: Nat\u00e1lia Zaja\u010dikov\u00e1\"><\/div><a class=\"swiper-slide-inner\" href=\"https:\/\/pretix.eu\/diskursfestival\/2025\/4650029\/\"><div class=\"swiper-slide-contents\"><div  class=\"elementor-button elementor-slide-button elementor-size-xs\">Buy ticket<\/div><\/div><\/a><\/div>\t\t\t\t<\/div>\n\t\t\t\t\t\t\t\t\t\t\t\t\t\t\t<div class=\"elementor-swiper-button elementor-swiper-button-prev\" role=\"button\" tabindex=\"0\" aria-label=\"Previous slide\" data-no-translation-aria-label=\"\">\n\t\t\t\t\t\t\t<svg aria-hidden=\"true\" class=\"e-font-icon-svg e-eicon-chevron-left\" viewbox=\"0 0 1000 1000\" xmlns=\"http:\/\/www.w3.org\/2000\/svg\"><path d=\"M646 125C629 125 613 133 604 142L308 442C296 454 292 471 292 487 292 504 296 521 308 533L604 854C617 867 629 875 646 875 663 875 679 871 692 858 704 846 713 829 713 812 713 796 708 779 692 767L438 487 692 225C700 217 708 204 708 187 708 171 704 154 692 142 675 129 663 125 646 125Z\"><\/path><\/svg>\t\t\t\t\t\t<\/div>\n\t\t\t\t\t\t<div class=\"elementor-swiper-button elementor-swiper-button-next\" role=\"button\" tabindex=\"0\" aria-label=\"Next slide\" data-no-translation-aria-label=\"\">\n\t\t\t\t\t\t\t<svg aria-hidden=\"true\" class=\"e-font-icon-svg e-eicon-chevron-right\" viewbox=\"0 0 1000 1000\" xmlns=\"http:\/\/www.w3.org\/2000\/svg\"><path d=\"M696 533C708 521 713 504 713 487 713 471 708 454 696 446L400 146C388 133 375 125 354 125 338 125 325 129 313 142 300 154 292 171 292 187 292 204 296 221 308 233L563 492 304 771C292 783 288 800 288 817 288 833 296 850 308 863 321 871 338 875 354 875 371 875 388 867 400 854L696 533Z\"><\/path><\/svg>\t\t\t\t\t\t<\/div>\n\t\t\t\t\t\t\t\t\t\t\t\t\t\t\t\t<div class=\"swiper-pagination\"><\/div>\n\t\t\t\t\t\t\t\t\t\t\t\t<\/div>\n\t\t\t\t<\/div>\n\t\t\t\t\t\t\t\t<\/div>\n\t\t\t\t<\/div>\n\t\t\t\t\t<\/div>\n\t\t\t\t<\/div>\n\t\t<div class=\"elementor-element elementor-element-14102e75 e-flex e-con-boxed e-con e-parent\" data-id=\"14102e75\" data-element_type=\"container\" data-e-type=\"container\">\n\t\t\t\t\t<div class=\"e-con-inner\">\n\t\t\t\t<div class=\"elementor-element elementor-element-41eee3df elementor-widget elementor-widget-text-editor\" data-id=\"41eee3df\" data-element_type=\"widget\" data-e-type=\"widget\" data-widget_type=\"text-editor.default\">\n\t\t\t\t<div class=\"elementor-widget-container\">\n\t\t\t\t\t\t\t\t\t<h5><br \/>Im kollaborativen <strong>Duo Weak Women<\/strong> lenken wir die Aufmerksamkeit auf die Emanzipation von Schw\u00e4che, Verletzlichkeit, Sensibilit\u00e4t, Schmerz und der emotionalen Arbeit von Frauen um uns herum. Wir befassen uns auch mit unbezahlter Frauenarbeit, chronischen Schmerzen und M\u00fcdigkeit sowie der starken, unbeugsamen Darstellung von Frauen in der heutigen Gesellschaft. In dem Tanzst\u00fcck werden wir versuchen, diese Themen durch eine kreative Methode, die wir seit 2018 gemeinsam erforschen, in Bewegungsqualit\u00e4ten zu \u00fcbersetzen. Durch Intention, Improvisation und Interpretation tauchen wir in die Erforschung einer akribischen Bewegungssprache ein, die wir formen und choreografieren, um die oben genannten Themen durch Verst\u00e4ndlichkeit, starke Bildsprache und Fantasie gegen\u00fcber dem Publikum zu artikulieren.<\/h5><h5>Zwei weibliche Fossilien, die bis zum letzten Moment durchhalten. Der Moment vor der Ersch\u00f6pfung entspricht dem Moment vor der Ekstase. Seit 11 Uhr haben wir bis zum letzten Moment gek\u00e4mpft. In einem Zustand st\u00e4ndiger Ersch\u00f6pfung knien wir nieder und beugen unsere Glieder in verschiedene Formen. Zu Ehren unserer weiblichen Vorfahren, zu Ehren der Gesten, Ticks und Nervosit\u00e4t, die wir von unseren Gro\u00dfm\u00fcttern und von den Fotos der Frauen im Slowakischen Nationalaufstand gelernt haben. Versteinerte und steife K\u00f6rper nehmen am Tanzmarathon des prek\u00e4ren Berufs des \u201eunabh\u00e4ngigen\u201d K\u00fcnstlers in der Slowakei teil. Wir k\u00f6nnen f\u00fcr w\u00fcrdige Arbeitsbedingungen tanzen, f\u00fcr das Recht auf Ruhe, f\u00fcr das Engagement k\u00fcnstlerischer Organisationen in globalen Fragen. Wir sind gebrochen und verwundet, doch wir suchen unaufh\u00f6rlich nach Verspieltheit, Sinnlichkeit und Gl\u00fcckseligkeit. In der Tanzperformance \u201eWeak Women\u201d emanzipieren wir Schw\u00e4che, M\u00fcdigkeit, Schmerz und Ersch\u00f6pfung. Wir versuchen, diese Zust\u00e4nde als Quellen zu betrachten, die uns helfen, die Arbeit zu gestalten. Um unsere Vorstellung von einer zeitgen\u00f6ssischen Frau zu verk\u00f6rpern, die nicht versucht, etwas vorzut\u00e4uschen und die Situation zu beruhigen. Im Gegenteil, sie sucht Aufregung in Momenten der Not und Ersch\u00f6pfung.<\/h5>\t\t\t\t\t\t\t\t<\/div>\n\t\t\t\t<\/div>\n\t\t<div class=\"elementor-element elementor-element-69f8a1c7 e-con-full e-flex e-con e-child\" data-id=\"69f8a1c7\" data-element_type=\"container\" data-e-type=\"container\">\n\t\t\t\t<div class=\"elementor-element elementor-element-7a8cfc07 elementor-widget elementor-widget-text-editor\" data-id=\"7a8cfc07\" data-element_type=\"widget\" data-e-type=\"widget\" data-widget_type=\"text-editor.default\">\n\t\t\t\t<div class=\"elementor-widget-container\">\n\t\t\t\t\t\t\t\t\t<h4><b>Content notes:<\/b><\/h4><h4>\u2013<\/h4><p>Dauer: 55 min<\/p>\t\t\t\t\t\t\t\t<\/div>\n\t\t\t\t<\/div>\n\t\t\t\t<\/div>\n\t\t<div class=\"elementor-element elementor-element-5a45f734 e-con-full e-flex e-con e-child\" data-id=\"5a45f734\" data-element_type=\"container\" data-e-type=\"container\">\n\t\t\t\t<div class=\"elementor-element elementor-element-34b8adef elementor-widget elementor-widget-text-editor\" data-id=\"34b8adef\" data-element_type=\"widget\" data-e-type=\"widget\" data-widget_type=\"text-editor.default\">\n\t\t\t\t<div class=\"elementor-widget-container\">\n\t\t\t\t\t\t\t\t\t<h4>09.11.2025 18:00 Georg B\u00fcchner Saal, Alte Universit\u00e4tsbibliothek<\/h4>\t\t\t\t\t\t\t\t<\/div>\n\t\t\t\t<\/div>\n\t\t\t\t<\/div>\n\t\t\t\t\t<\/div>\n\t\t\t\t<\/div>\n\t\t<div class=\"elementor-element elementor-element-3262115d e-flex e-con-boxed e-con e-parent\" data-id=\"3262115d\" data-element_type=\"container\" data-e-type=\"container\">\n\t\t\t\t\t<div class=\"e-con-inner\">\n\t\t\t\t<div class=\"elementor-element elementor-element-3e9946b3 elementor-widget elementor-widget-n-accordion\" data-id=\"3e9946b3\" data-element_type=\"widget\" data-e-type=\"widget\" data-settings=\"{&quot;default_state&quot;:&quot;all_collapsed&quot;,&quot;max_items_expended&quot;:&quot;one&quot;,&quot;n_accordion_animation_duration&quot;:{&quot;unit&quot;:&quot;ms&quot;,&quot;size&quot;:400,&quot;sizes&quot;:[]}}\" data-widget_type=\"nested-accordion.default\">\n\t\t\t\t<div class=\"elementor-widget-container\">\n\t\t\t\t\t\t\t<div class=\"e-n-accordion\" aria-label=\"Accordion. Open links with Enter or Space, close with Escape, and navigate with Arrow Keys\">\n\t\t\t\t\t\t<details id=\"e-n-accordion-item-1050\" class=\"e-n-accordion-item\" >\n\t\t\t\t<summary class=\"e-n-accordion-item-title\" data-accordion-index=\"1\" tabindex=\"0\" aria-expanded=\"false\" aria-controls=\"e-n-accordion-item-1050\" >\n\t\t\t\t\t<span class='e-n-accordion-item-title-header'><div class=\"e-n-accordion-item-title-text\"> Credits <\/div><\/span>\n\t\t\t\t\t\t\t<span class='e-n-accordion-item-title-icon'>\n\t\t\t<span class='e-opened' ><svg aria-hidden=\"true\" class=\"e-font-icon-svg e-fas-minus\" viewbox=\"0 0 448 512\" xmlns=\"http:\/\/www.w3.org\/2000\/svg\"><path d=\"M416 208H32c-17.67 0-32 14.33-32 32v32c0 17.67 14.33 32 32 32h384c17.67 0 32-14.33 32-32v-32c0-17.67-14.33-32-32-32z\"><\/path><\/svg><\/span>\n\t\t\t<span class='e-closed'><svg aria-hidden=\"true\" class=\"e-font-icon-svg e-fas-chevron-down\" viewbox=\"0 0 448 512\" xmlns=\"http:\/\/www.w3.org\/2000\/svg\"><path d=\"M207.029 381.476L12.686 187.132c-9.373-9.373-9.373-24.569 0-33.941l22.667-22.667c9.357-9.357 24.522-9.375 33.901-.04L224 284.505l154.745-154.021c9.379-9.335 24.544-9.317 33.901.04l22.667 22.667c9.373 9.373 9.373 24.569 0 33.941L240.971 381.476c-9.373 9.372-24.569 9.372-33.942 0z\"><\/path><\/svg><\/span>\n\t\t<\/span>\n\n\t\t\t\t\t\t<\/summary>\n\t\t\t\t<div role=\"region\" aria-labelledby=\"e-n-accordion-item-1050\" class=\"elementor-element elementor-element-462ae5a5 e-con-full e-flex e-con e-child\" data-id=\"462ae5a5\" data-element_type=\"container\" data-e-type=\"container\">\n\t\t\t\t<div class=\"elementor-element elementor-element-6029511d elementor-widget elementor-widget-text-editor\" data-id=\"6029511d\" data-element_type=\"widget\" data-e-type=\"widget\" data-widget_type=\"text-editor.default\">\n\t\t\t\t<div class=\"elementor-widget-container\">\n\t\t\t\t\t\t\t\t\t<h5><strong>Concept and performance:<\/strong> Eva Prie\u010dkov\u00e1, Zuzana \u017dabkov\u00e1<\/h5><h5><strong>Music:<\/strong> Antonia Beeskow<\/h5><h5><strong>Costumes and set design:<\/strong> Nik Timkov\u00e1, Vojt\u011bch Hlav\u00e1\u010dek<\/h5><h5><strong>Light design:<\/strong> Bohdana S\u00fdkorov\u00e1<\/h5><h5><strong>Production:<\/strong> Klaudia Klembarov\u00e1, co.labs Brno<\/h5>\t\t\t\t\t\t\t\t<\/div>\n\t\t\t\t<\/div>\n\t\t\t\t<\/div>\n\t\t\t\t\t<\/details>\n\t\t\t\t\t<\/div>\n\t\t\t\t\t\t<\/div>\n\t\t\t\t<\/div>\n\t\t\t\t<div class=\"elementor-element elementor-element-6b62f3b6 elementor-widget elementor-widget-n-accordion\" data-id=\"6b62f3b6\" data-element_type=\"widget\" data-e-type=\"widget\" data-settings=\"{&quot;default_state&quot;:&quot;all_collapsed&quot;,&quot;max_items_expended&quot;:&quot;one&quot;,&quot;n_accordion_animation_duration&quot;:{&quot;unit&quot;:&quot;ms&quot;,&quot;size&quot;:400,&quot;sizes&quot;:[]}}\" data-widget_type=\"nested-accordion.default\">\n\t\t\t\t<div class=\"elementor-widget-container\">\n\t\t\t\t\t\t\t<div class=\"e-n-accordion\" aria-label=\"Accordion. Open links with Enter or Space, close with Escape, and navigate with Arrow Keys\">\n\t\t\t\t\t\t<details id=\"e-n-accordion-item-1800\" class=\"e-n-accordion-item\" >\n\t\t\t\t<summary class=\"e-n-accordion-item-title\" data-accordion-index=\"1\" tabindex=\"0\" aria-expanded=\"false\" aria-controls=\"e-n-accordion-item-1800\" >\n\t\t\t\t\t<span class='e-n-accordion-item-title-header'><div class=\"e-n-accordion-item-title-text\"> \u00fcber die Performer*innen <\/div><\/span>\n\t\t\t\t\t\t\t<span class='e-n-accordion-item-title-icon'>\n\t\t\t<span class='e-opened' ><svg aria-hidden=\"true\" class=\"e-font-icon-svg e-fas-minus\" viewbox=\"0 0 448 512\" xmlns=\"http:\/\/www.w3.org\/2000\/svg\"><path d=\"M416 208H32c-17.67 0-32 14.33-32 32v32c0 17.67 14.33 32 32 32h384c17.67 0 32-14.33 32-32v-32c0-17.67-14.33-32-32-32z\"><\/path><\/svg><\/span>\n\t\t\t<span class='e-closed'><svg aria-hidden=\"true\" class=\"e-font-icon-svg e-fas-chevron-down\" viewbox=\"0 0 448 512\" xmlns=\"http:\/\/www.w3.org\/2000\/svg\"><path d=\"M207.029 381.476L12.686 187.132c-9.373-9.373-9.373-24.569 0-33.941l22.667-22.667c9.357-9.357 24.522-9.375 33.901-.04L224 284.505l154.745-154.021c9.379-9.335 24.544-9.317 33.901.04l22.667 22.667c9.373 9.373 9.373 24.569 0 33.941L240.971 381.476c-9.373 9.372-24.569 9.372-33.942 0z\"><\/path><\/svg><\/span>\n\t\t<\/span>\n\n\t\t\t\t\t\t<\/summary>\n\t\t\t\t<div role=\"region\" aria-labelledby=\"e-n-accordion-item-1800\" class=\"elementor-element elementor-element-4e819fbf e-con-full e-flex e-con e-child\" data-id=\"4e819fbf\" data-element_type=\"container\" data-e-type=\"container\">\n\t\t\t\t<div class=\"elementor-element elementor-element-2dbaac3e elementor-widget elementor-widget-text-editor\" data-id=\"2dbaac3e\" data-element_type=\"widget\" data-e-type=\"widget\" data-widget_type=\"text-editor.default\">\n\t\t\t\t<div class=\"elementor-widget-container\">\n\t\t\t\t\t\t\t\t\t<h5><strong>Eva Prie\u010dkov\u00e1<\/strong> and <strong>Zuzana \u017dabkov\u00e1<\/strong> sind seit 2011 Freundinnen, Kolleginnen und k\u00fcnstlerische Mitstreiterinnen. Sie lernten sich in einem akademischen Umfeld kennen, wo sie Gehorsam, Kontrolle und Disziplin \u00fcber K\u00f6rper und Geist hinterfragten. Sie interessieren sich f\u00fcr verschiedene Formen der Tanzforschung und -abweichung durch somatische Praktiken, kritische Theorien, Poesie, osteurop\u00e4ische Hintergr\u00fcnde, Erfahrungsanatomie, einvernehmliche Ber\u00fchrungsarbeit und lang andauernde, nicht-hierarchische Arbeitsmethoden. Im Jahr 2018 schufen sie ein Tanzst\u00fcck mit dem Titel \u201eBodies in trouble \u2013 Ode an Ersch\u00f6pfung, Burnout und Altern im Beruf des \u201eunabh\u00e4ngigen\u201d Tanzk\u00fcnstlers\u201d. Unterst\u00fctzt wurden sie dabei von experimentellen Musikerinnen aus unbekannten k\u00fcnstlerischen Randbereichen. Im Jahr 2023 feierten sie die Premiere von \u201eWeak Women \u2013 Gegenmittel gegen Heldentum und St\u00e4rke, stoische Emotionalit\u00e4t und festen Boden unter den F\u00fc\u00dfen\u201d. Sie m\u00f6gen es, Tanzkunst und Tanzpraktiken in ein t\u00e4gliches Netzwerk von Verbindungen eingebunden zu sehen und zu sp\u00fcren, innerhalb von Gemeinschaften und der Welt mit all ihrem Schrecken und ihrem andauernden Kampf. In ihrer Praxis steht diese harte Realit\u00e4t im Dialog mit dem Menschenrecht auf Vergn\u00fcgen, Freude, Fantasie, Ehrfurcht und Sanftheit.<\/h5><h5>Derzeit wenden sie sich, basierend auf gelebten Erfahrungen, Praktiken zu, die mit kollektiver Trauer und Tod, Verfall und Degeneration verbunden sind. Sie wollen ein sicheres Netz oder Nest schaffen, in dem Menschen mit ihrer verk\u00f6rperten Trauer, ihrem Schmerz und ihrer Schwere willkommen sind und sich geborgen f\u00fchlen, um Verbindung und Regeneration zu erm\u00f6glichen.<i><\/i><\/h5>\t\t\t\t\t\t\t\t<\/div>\n\t\t\t\t<\/div>\n\t\t\t\t<\/div>\n\t\t\t\t\t<\/details>\n\t\t\t\t\t<\/div>\n\t\t\t\t\t\t<\/div>\n\t\t\t\t<\/div>\n\t\t\t\t\t<\/div>\n\t\t\t\t<\/div>\n\t\t<div class=\"elementor-element elementor-element-5ba66df2 e-flex e-con-boxed e-con e-parent\" data-id=\"5ba66df2\" data-element_type=\"container\" data-e-type=\"container\">\n\t\t\t\t\t<div class=\"e-con-inner\">\n\t\t\t\t<div class=\"elementor-element elementor-element-407736ab elementor-widget elementor-widget-google_maps\" data-id=\"407736ab\" data-element_type=\"widget\" data-e-type=\"widget\" data-widget_type=\"google_maps.default\">\n\t\t\t\t<div class=\"elementor-widget-container\">\n\t\t\t\t\t\t\t<div class=\"elementor-custom-embed\">\n\t\t\t<iframe loading=\"lazy\"\n\t\t\t\t\tsrc=\"https:\/\/maps.google.com\/maps?q=Alte%20universit%C3%A4tsbi&#038;t=m&#038;z=17&#038;output=embed&#038;iwloc=near\"\n\t\t\t\t\ttitle=\"Alte universit\u00e4tsbi\"\n\t\t\t\t\taria-label=\"Alte universit\u00e4tsbi\"\n\t\t\t><\/iframe>\n\t\t<\/div>\n\t\t\t\t\t\t<\/div>\n\t\t\t\t<\/div>\n\t\t\t\t\t<\/div>\n\t\t\t\t<\/div>\n\t\t\t\t<\/div>","protected":false},"excerpt":{"rendered":"<p>Ticket kaufenTicket kaufenTicket kaufenTicket kaufen Im kollaborativen Duo Weak Women lenken wir die Aufmerksamkeit auf die Emanzipation von Schw\u00e4che, Verletzlichkeit, Sensibilit\u00e4t, Schmerz und der emotionalen Arbeit von Frauen um uns herum. Wir befassen uns auch mit unbezahlter Frauenarbeit, chronischen Schmerzen und M\u00fcdigkeit sowie der starken, unbeugsamen Darstellung von Frauen in der heutigen Gesellschaft. In dem [&hellip;]<\/p>\n","protected":false},"author":1,"featured_media":0,"parent":0,"menu_order":0,"comment_status":"closed","ping_status":"closed","template":"","meta":{"footnotes":""},"class_list":["post-11047","page","type-page","status-publish","hentry"],"_links":{"self":[{"href":"https:\/\/diskursfestival.de\/en\/wp-json\/wp\/v2\/pages\/11047","targetHints":{"allow":["GET"]}}],"collection":[{"href":"https:\/\/diskursfestival.de\/en\/wp-json\/wp\/v2\/pages"}],"about":[{"href":"https:\/\/diskursfestival.de\/en\/wp-json\/wp\/v2\/types\/page"}],"author":[{"embeddable":true,"href":"https:\/\/diskursfestival.de\/en\/wp-json\/wp\/v2\/users\/1"}],"replies":[{"embeddable":true,"href":"https:\/\/diskursfestival.de\/en\/wp-json\/wp\/v2\/comments?post=11047"}],"version-history":[{"count":17,"href":"https:\/\/diskursfestival.de\/en\/wp-json\/wp\/v2\/pages\/11047\/revisions"}],"predecessor-version":[{"id":11364,"href":"https:\/\/diskursfestival.de\/en\/wp-json\/wp\/v2\/pages\/11047\/revisions\/11364"}],"wp:attachment":[{"href":"https:\/\/diskursfestival.de\/en\/wp-json\/wp\/v2\/media?parent=11047"}],"curies":[{"name":"wp","href":"https:\/\/api.w.org\/{rel}","templated":true}]}}