{"id":11102,"date":"2025-10-09T13:06:19","date_gmt":"2025-10-09T11:06:19","guid":{"rendered":"https:\/\/diskursfestival.de\/?page_id=11102"},"modified":"2025-11-04T21:56:37","modified_gmt":"2025-11-04T20:56:37","slug":"kaltbewerbung-%e2%8e%a5-sponsorinnenlauf","status":"publish","type":"page","link":"https:\/\/diskursfestival.de\/en\/kaltbewerbung-%e2%8e%a5-sponsorinnenlauf\/","title":{"rendered":"Kollektiv g\u00e4rtnerpflichten: KALTBEWERBUNG \u23a5 SPONSOR*INNEN:LAUF"},"content":{"rendered":"<div data-elementor-type=\"wp-page\" data-elementor-id=\"11102\" class=\"elementor elementor-11102\" data-elementor-post-type=\"page\">\n\t\t\t\t<div class=\"elementor-element elementor-element-73f3e7b8 e-flex e-con-boxed e-con e-parent\" data-id=\"73f3e7b8\" data-element_type=\"container\" data-e-type=\"container\">\n\t\t\t\t\t<div class=\"e-con-inner\">\n\t\t\t\t<div class=\"elementor-element elementor-element-3deb4837 elementor--h-position-center elementor--v-position-middle elementor-arrows-position-inside elementor-pagination-position-inside elementor-widget elementor-widget-slides\" data-id=\"3deb4837\" data-element_type=\"widget\" data-e-type=\"widget\" data-settings=\"{&quot;navigation&quot;:&quot;both&quot;,&quot;infinite&quot;:&quot;yes&quot;,&quot;transition&quot;:&quot;slide&quot;,&quot;transition_speed&quot;:500}\" data-widget_type=\"slides.default\">\n\t\t\t\t<div class=\"elementor-widget-container\">\n\t\t\t\t\t\t\t\t\t<div class=\"elementor-swiper\">\n\t\t\t\t\t<div class=\"elementor-slides-wrapper elementor-main-swiper swiper\" role=\"region\" aria-roledescription=\"carousel\" aria-label=\"Protest Architectures\" dir=\"ltr\" data-animation=\"\">\n\t\t\t\t<div class=\"swiper-wrapper elementor-slides\">\n\t\t\t\t\t\t\t\t\t\t<div class=\"elementor-repeater-item-7ccab63 swiper-slide\" role=\"group\" aria-roledescription=\"slide\"><div class=\"swiper-slide-bg\" role=\"img\" aria-label=\"Kaltbewerbung-3817\"><\/div><a class=\"swiper-slide-inner\" href=\"https:\/\/pretix.eu\/diskursfestival\/2025\/4650029\/\"><div class=\"swiper-slide-contents\"><div  class=\"elementor-button elementor-slide-button elementor-size-xs\">Buy ticket<\/div><\/div><\/a><\/div><div class=\"elementor-repeater-item-3c581eb swiper-slide\" role=\"group\" aria-roledescription=\"slide\"><div class=\"swiper-slide-bg\" role=\"img\" aria-label=\"Kaltbewerbung-3877\"><\/div><a class=\"swiper-slide-inner\" href=\"https:\/\/pretix.eu\/diskursfestival\/2025\/4650029\/\"><div class=\"swiper-slide-contents\"><div  class=\"elementor-button elementor-slide-button elementor-size-xs\">Buy ticket<\/div><\/div><\/a><\/div><div class=\"elementor-repeater-item-7961563 swiper-slide\" role=\"group\" aria-roledescription=\"slide\"><div class=\"swiper-slide-bg\" role=\"img\" aria-label=\"Kaltbewerbung-4110\"><\/div><a class=\"swiper-slide-inner\" href=\"https:\/\/pretix.eu\/diskursfestival\/2025\/4650029\/\"><div class=\"swiper-slide-contents\"><div  class=\"elementor-button elementor-slide-button elementor-size-xs\">Buy ticket<\/div><\/div><\/a><\/div>\t\t\t\t<\/div>\n\t\t\t\t\t\t\t\t\t\t\t\t\t\t\t<div class=\"elementor-swiper-button elementor-swiper-button-prev\" role=\"button\" tabindex=\"0\" aria-label=\"Previous slide\" data-no-translation-aria-label=\"\">\n\t\t\t\t\t\t\t<svg aria-hidden=\"true\" class=\"e-font-icon-svg e-eicon-chevron-left\" viewbox=\"0 0 1000 1000\" xmlns=\"http:\/\/www.w3.org\/2000\/svg\"><path d=\"M646 125C629 125 613 133 604 142L308 442C296 454 292 471 292 487 292 504 296 521 308 533L604 854C617 867 629 875 646 875 663 875 679 871 692 858 704 846 713 829 713 812 713 796 708 779 692 767L438 487 692 225C700 217 708 204 708 187 708 171 704 154 692 142 675 129 663 125 646 125Z\"><\/path><\/svg>\t\t\t\t\t\t<\/div>\n\t\t\t\t\t\t<div class=\"elementor-swiper-button elementor-swiper-button-next\" role=\"button\" tabindex=\"0\" aria-label=\"Next slide\" data-no-translation-aria-label=\"\">\n\t\t\t\t\t\t\t<svg aria-hidden=\"true\" class=\"e-font-icon-svg e-eicon-chevron-right\" viewbox=\"0 0 1000 1000\" xmlns=\"http:\/\/www.w3.org\/2000\/svg\"><path d=\"M696 533C708 521 713 504 713 487 713 471 708 454 696 446L400 146C388 133 375 125 354 125 338 125 325 129 313 142 300 154 292 171 292 187 292 204 296 221 308 233L563 492 304 771C292 783 288 800 288 817 288 833 296 850 308 863 321 871 338 875 354 875 371 875 388 867 400 854L696 533Z\"><\/path><\/svg>\t\t\t\t\t\t<\/div>\n\t\t\t\t\t\t\t\t\t\t\t\t\t\t\t\t<div class=\"swiper-pagination\"><\/div>\n\t\t\t\t\t\t\t\t\t\t\t\t<\/div>\n\t\t\t\t<\/div>\n\t\t\t\t\t\t\t\t<\/div>\n\t\t\t\t<\/div>\n\t\t\t\t\t<\/div>\n\t\t\t\t<\/div>\n\t\t<div class=\"elementor-element elementor-element-7d25956c e-flex e-con-boxed e-con e-parent\" data-id=\"7d25956c\" data-element_type=\"container\" data-e-type=\"container\">\n\t\t\t\t\t<div class=\"e-con-inner\">\n\t\t\t\t<div class=\"elementor-element elementor-element-0b871b6 elementor-widget elementor-widget-text-editor\" data-id=\"0b871b6\" data-element_type=\"widget\" data-e-type=\"widget\" data-widget_type=\"text-editor.default\">\n\t\t\t\t<div class=\"elementor-widget-container\">\n\t\t\t\t\t\t\t\t\t<p><strong><em>Unfortunately, the performance has been cancelled due to illness. As an alternative, we will be showing a film by g\u00e4rtnerpflichen as a video installation at Theaterlabor.<\/em><\/strong><\/p>\t\t\t\t\t\t\t\t<\/div>\n\t\t\t\t<\/div>\n\t\t\t\t<div class=\"elementor-element elementor-element-4fe8b137 elementor-widget elementor-widget-text-editor\" data-id=\"4fe8b137\" data-element_type=\"widget\" data-e-type=\"widget\" data-widget_type=\"text-editor.default\">\n\t\t\t\t<div class=\"elementor-widget-container\">\n\t\t\t\t\t\t\t\t\t<h5>\u00a0<\/h5><h5>With the ongoing performance <strong>KALTBEWERBUNG<\/strong> the interdisciplinary art gang <em>g\u00e4rtnerpflichten<\/em> auf den aktuellen Notstand. Kulturk\u00fcrzungen allerorts, die F\u00f6rderlandschaft kahl, die Aussichten mau. Aber: g\u00e4rtnerpflichten jammern nicht, sondern gehen in die Offensive &#8211; und bewerben sich hochmotiviert \u00fcberall dort, wo noch niemand wei\u00df, dass ihre Expertise dringendst gebraucht wird.<\/h5><h5>Au\u00dferdem gehen sie mit performativer Power dahin, wo aktuell Unterst\u00fctzung angesagt ist \u2013 n\u00e4mlich zum nahezu kaputtgesparten Festival DISKURS. Die Mitarbeiter:innen der <strong>KALTBEWERBUNG<\/strong> lassen die Hoffnungsflagge nicht sinken und wechseln hochengagiert wie ungeniert aus ihrer Kernkompetenz als Kulturabgeschaffte ins Feld des Sponsorings. Sie packen Spendenscheck, Stehtisch und Sekt ins Ad-Hoc-Event-Gep\u00e4ck und widmen sich als Quereinsteiger:innen mit Hingabe der Kulturf\u00f6rderung. Dabei gehen sie in die Vollen und bewegen sich im Rahmen eines dreit\u00e4gigen <strong>SPONSOR*INNEN:LAUF (SPONSORS' RUN).<\/strong>They reliably show up wherever they haven't been invited and throw themselves into the ring, shaking hands. They move from one sponsor event to the next and, with friendly cheekiness, solicit very specific financial resources for DISKURS.<\/h5><h5>Kaltakquise jetzt! Scheckb\u00fccher raus! Spenden willkommen! M\u00e4zenatentum erw\u00fcnscht!<\/h5><h5>Das Team der KALTBEWERBUNG nimmt die Sache in die Hand!<\/h5>\t\t\t\t\t\t\t\t<\/div>\n\t\t\t\t<\/div>\n\t\t<div class=\"elementor-element elementor-element-374a2d5e e-con-full e-flex e-con e-child\" data-id=\"374a2d5e\" data-element_type=\"container\" data-e-type=\"container\">\n\t\t\t\t<div class=\"elementor-element elementor-element-7c44f145 elementor-widget elementor-widget-text-editor\" data-id=\"7c44f145\" data-element_type=\"widget\" data-e-type=\"widget\" data-widget_type=\"text-editor.default\">\n\t\t\t\t<div class=\"elementor-widget-container\">\n\t\t\t\t\t\t\t\t\t<h4><b>Content notes:<\/b><\/h4><h4>\u2013<\/h4><h4>Dauer: durational performance<\/h4>\t\t\t\t\t\t\t\t<\/div>\n\t\t\t\t<\/div>\n\t\t\t\t<\/div>\n\t\t<div class=\"elementor-element elementor-element-a0ee7cf e-con-full e-flex e-con e-child\" data-id=\"a0ee7cf\" data-element_type=\"container\" data-e-type=\"container\">\n\t\t\t\t<div class=\"elementor-element elementor-element-5a0c531b elementor-widget elementor-widget-text-editor\" data-id=\"5a0c531b\" data-element_type=\"widget\" data-e-type=\"widget\" data-widget_type=\"text-editor.default\">\n\t\t\t\t<div class=\"elementor-widget-container\">\n\t\t\t\t\t\t\t\t\t<h4>06.11.2025 17:00 &#8211; 21:00<\/h4><h4>07.11.2025 9 to 5<\/h4><h4>08.11.2025 9 to 5<\/h4><h4>09.11.2025 9 to 5<\/h4><h4>Theaterlabor<\/h4>\t\t\t\t\t\t\t\t<\/div>\n\t\t\t\t<\/div>\n\t\t\t\t<\/div>\n\t\t\t\t\t<\/div>\n\t\t\t\t<\/div>\n\t\t<div class=\"elementor-element elementor-element-7fba6eb8 e-flex e-con-boxed e-con e-parent\" data-id=\"7fba6eb8\" data-element_type=\"container\" data-e-type=\"container\">\n\t\t\t\t\t<div class=\"e-con-inner\">\n\t\t\t\t<div class=\"elementor-element elementor-element-27a4a4e2 elementor-widget elementor-widget-n-accordion\" data-id=\"27a4a4e2\" data-element_type=\"widget\" data-e-type=\"widget\" data-settings=\"{&quot;default_state&quot;:&quot;all_collapsed&quot;,&quot;max_items_expended&quot;:&quot;one&quot;,&quot;n_accordion_animation_duration&quot;:{&quot;unit&quot;:&quot;ms&quot;,&quot;size&quot;:400,&quot;sizes&quot;:[]}}\" data-widget_type=\"nested-accordion.default\">\n\t\t\t\t<div class=\"elementor-widget-container\">\n\t\t\t\t\t\t\t<div class=\"e-n-accordion\" aria-label=\"Accordion. Open links with Enter or Space, close with Escape, and navigate with Arrow Keys\">\n\t\t\t\t\t\t<details id=\"e-n-accordion-item-6650\" class=\"e-n-accordion-item\" >\n\t\t\t\t<summary class=\"e-n-accordion-item-title\" data-accordion-index=\"1\" tabindex=\"0\" aria-expanded=\"false\" aria-controls=\"e-n-accordion-item-6650\" >\n\t\t\t\t\t<span class='e-n-accordion-item-title-header'><div class=\"e-n-accordion-item-title-text\"> Credits <\/div><\/span>\n\t\t\t\t\t\t\t<span class='e-n-accordion-item-title-icon'>\n\t\t\t<span class='e-opened' ><svg aria-hidden=\"true\" class=\"e-font-icon-svg e-fas-minus\" viewbox=\"0 0 448 512\" xmlns=\"http:\/\/www.w3.org\/2000\/svg\"><path d=\"M416 208H32c-17.67 0-32 14.33-32 32v32c0 17.67 14.33 32 32 32h384c17.67 0 32-14.33 32-32v-32c0-17.67-14.33-32-32-32z\"><\/path><\/svg><\/span>\n\t\t\t<span class='e-closed'><svg aria-hidden=\"true\" class=\"e-font-icon-svg e-fas-chevron-down\" viewbox=\"0 0 448 512\" xmlns=\"http:\/\/www.w3.org\/2000\/svg\"><path d=\"M207.029 381.476L12.686 187.132c-9.373-9.373-9.373-24.569 0-33.941l22.667-22.667c9.357-9.357 24.522-9.375 33.901-.04L224 284.505l154.745-154.021c9.379-9.335 24.544-9.317 33.901.04l22.667 22.667c9.373 9.373 9.373 24.569 0 33.941L240.971 381.476c-9.373 9.372-24.569 9.372-33.942 0z\"><\/path><\/svg><\/span>\n\t\t<\/span>\n\n\t\t\t\t\t\t<\/summary>\n\t\t\t\t<div role=\"region\" aria-labelledby=\"e-n-accordion-item-6650\" class=\"elementor-element elementor-element-426551f1 e-con-full e-flex e-con e-child\" data-id=\"426551f1\" data-element_type=\"container\" data-e-type=\"container\">\n\t\t\t\t<div class=\"elementor-element elementor-element-6aebaee1 elementor-widget elementor-widget-text-editor\" data-id=\"6aebaee1\" data-element_type=\"widget\" data-e-type=\"widget\" data-widget_type=\"text-editor.default\">\n\t\t\t\t<div class=\"elementor-widget-container\">\n\t\t\t\t\t\t\t\t\t<p>Kollektiv G\u00e4rtnerpflichten<\/p>\t\t\t\t\t\t\t\t<\/div>\n\t\t\t\t<\/div>\n\t\t\t\t<\/div>\n\t\t\t\t\t<\/details>\n\t\t\t\t\t<\/div>\n\t\t\t\t\t\t<\/div>\n\t\t\t\t<\/div>\n\t\t\t\t<div class=\"elementor-element elementor-element-470eb926 elementor-widget elementor-widget-n-accordion\" data-id=\"470eb926\" data-element_type=\"widget\" data-e-type=\"widget\" data-settings=\"{&quot;default_state&quot;:&quot;all_collapsed&quot;,&quot;max_items_expended&quot;:&quot;one&quot;,&quot;n_accordion_animation_duration&quot;:{&quot;unit&quot;:&quot;ms&quot;,&quot;size&quot;:400,&quot;sizes&quot;:[]}}\" data-widget_type=\"nested-accordion.default\">\n\t\t\t\t<div class=\"elementor-widget-container\">\n\t\t\t\t\t\t\t<div class=\"e-n-accordion\" aria-label=\"Accordion. Open links with Enter or Space, close with Escape, and navigate with Arrow Keys\">\n\t\t\t\t\t\t<details id=\"e-n-accordion-item-1190\" class=\"e-n-accordion-item\" >\n\t\t\t\t<summary class=\"e-n-accordion-item-title\" data-accordion-index=\"1\" tabindex=\"0\" aria-expanded=\"false\" aria-controls=\"e-n-accordion-item-1190\" >\n\t\t\t\t\t<span class='e-n-accordion-item-title-header'><div class=\"e-n-accordion-item-title-text\"> \u00fcber die Performer*innen <\/div><\/span>\n\t\t\t\t\t\t\t<span class='e-n-accordion-item-title-icon'>\n\t\t\t<span class='e-opened' ><svg aria-hidden=\"true\" class=\"e-font-icon-svg e-fas-minus\" viewbox=\"0 0 448 512\" xmlns=\"http:\/\/www.w3.org\/2000\/svg\"><path d=\"M416 208H32c-17.67 0-32 14.33-32 32v32c0 17.67 14.33 32 32 32h384c17.67 0 32-14.33 32-32v-32c0-17.67-14.33-32-32-32z\"><\/path><\/svg><\/span>\n\t\t\t<span class='e-closed'><svg aria-hidden=\"true\" class=\"e-font-icon-svg e-fas-chevron-down\" viewbox=\"0 0 448 512\" xmlns=\"http:\/\/www.w3.org\/2000\/svg\"><path d=\"M207.029 381.476L12.686 187.132c-9.373-9.373-9.373-24.569 0-33.941l22.667-22.667c9.357-9.357 24.522-9.375 33.901-.04L224 284.505l154.745-154.021c9.379-9.335 24.544-9.317 33.901.04l22.667 22.667c9.373 9.373 9.373 24.569 0 33.941L240.971 381.476c-9.373 9.372-24.569 9.372-33.942 0z\"><\/path><\/svg><\/span>\n\t\t<\/span>\n\n\t\t\t\t\t\t<\/summary>\n\t\t\t\t<div role=\"region\" aria-labelledby=\"e-n-accordion-item-1190\" class=\"elementor-element elementor-element-483f6a70 e-con-full e-flex e-con e-child\" data-id=\"483f6a70\" data-element_type=\"container\" data-e-type=\"container\">\n\t\t\t\t<div class=\"elementor-element elementor-element-3bf398be elementor-widget elementor-widget-text-editor\" data-id=\"3bf398be\" data-element_type=\"widget\" data-e-type=\"widget\" data-widget_type=\"text-editor.default\">\n\t\t\t\t<div class=\"elementor-widget-container\">\n\t\t\t\t\t\t\t\t\t<h5>Das interdisziplin\u00e4re K\u00fcnstler*innenkollektiv <strong><i>g\u00e4rtnerpflichten <\/i><\/strong>entwickelt und realisiert Konzepte, die sich als kontextbedingte k\u00fcnstlerische Praxis im gesellschaftlichen Raum verstehen. Dabei verbinden die sechs K\u00fcnstler:innen gemeinsame Kenntnisse aus bildender und darstellender Kunst, des \u00f6ffentlichen Raums, der B\u00fchne, der Partizipation sowie dem universit\u00e4ren Kontext.\u00a0<\/h5><h5><strong><i>g\u00e4rtnerpflichten<\/i><\/strong> gestalten Situationen, initiieren Dialoge und b\u00fcndeln Erkenntnisse in Performances, Interventionen, Berichterstattungsshows, Ausstellungen sowie digitalen Formaten. Ihre Themen sind: Lebensr\u00e4ume und -qualit\u00e4ten, Dingkulturen und Utopien im Kleinen wie Gro\u00dfen.\u00a0<\/h5><h5>2011 gr\u00fcndeten <strong><i>g\u00e4rtnerpflichten<\/i><\/strong> das Gie\u00dfener Gie\u00dfkannenmuseum und zeichnen bis heute f\u00fcr dessen Kuration verantwortlich. 2015 waren sie Preistr\u00e4ger:innen des Landeswettbewerbs \u201eSt\u00e4dte sind zum Leben da\u201c, verliehen von der hessischen Stadtentwicklungsministerin.\u00a0<\/h5><h5>Ausf\u00fchrliche Informationen zu den einzelnen Projekten: <a href=\"http:\/\/www.gaertnerpflichten.org\/\">www.gaertnerpflichten.org<\/a><\/h5><h5>KALTBEWERBUNG auf Instagram: <a href=\"http:\/\/www.instagram.com\/kaltbewerbung\">www.instagram.com\/kaltbewerbung<\/a><\/h5><h5>Die Mitglieder des Kollektivs sind:<\/h5><h5><strong>Oliver Behnecke<\/strong>, * 1971, Angewandter Theaterwissenschaftler, Kulturplaner\u00a0<\/h5><h5><strong>Ingke G\u00fcnther<\/strong>, *1968, Bildende K\u00fcnstlerin\u00a0<\/h5><h5><strong>Leander Ripchinsky<\/strong>, *1987, Angewandter Theaterwissenschaftler, Performance-K\u00fcnstler\u00a0<\/h5><h5><strong>Esther Steinbrecher<\/strong>, *1972, Angewandte Theaterwissenschaftlerin, Regisseurin, Autorin\u00a0<\/h5><h5><strong>J\u00f6rg Wagner<\/strong>, *1969, Bildender K\u00fcnstler\u00a0<\/h5><h5><strong>Manuela Weichenrieder<\/strong>, *1974, Angewandte Theaterwissenschaftlerin, Musikerin<\/h5>\t\t\t\t\t\t\t\t<\/div>\n\t\t\t\t<\/div>\n\t\t\t\t<\/div>\n\t\t\t\t\t<\/details>\n\t\t\t\t\t<\/div>\n\t\t\t\t\t\t<\/div>\n\t\t\t\t<\/div>\n\t\t\t\t\t<\/div>\n\t\t\t\t<\/div>\n\t\t<div class=\"elementor-element elementor-element-1fac4072 e-flex e-con-boxed e-con e-parent\" data-id=\"1fac4072\" data-element_type=\"container\" data-e-type=\"container\">\n\t\t\t\t\t<div class=\"e-con-inner\">\n\t\t\t\t<div class=\"elementor-element elementor-element-4b6c026f elementor-widget elementor-widget-google_maps\" data-id=\"4b6c026f\" data-element_type=\"widget\" data-e-type=\"widget\" data-widget_type=\"google_maps.default\">\n\t\t\t\t<div class=\"elementor-widget-container\">\n\t\t\t\t\t\t\t<div class=\"elementor-custom-embed\">\n\t\t\t<iframe loading=\"lazy\"\n\t\t\t\t\tsrc=\"https:\/\/maps.google.com\/maps?q=Theaterlabor%20Giessen&#038;t=m&#038;z=17&#038;output=embed&#038;iwloc=near\"\n\t\t\t\t\ttitle=\"Theaterlabor Giessen\"\n\t\t\t\t\taria-label=\"Theaterlabor Giessen\"\n\t\t\t><\/iframe>\n\t\t<\/div>\n\t\t\t\t\t\t<\/div>\n\t\t\t\t<\/div>\n\t\t\t\t\t<\/div>\n\t\t\t\t<\/div>\n\t\t\t\t<\/div>","protected":false},"excerpt":{"rendered":"<p>Ticket kaufenTicket kaufenTicket kaufen Die Performance ist leider wegen Erkrankung abgesagt. Als Alternative zeigen wir einen Film von g\u00e4rtnerpflichen als Videoinsatallation im Theaterlabor. \u00a0 Mit der ongoing Performance KALTBEWERBUNG reagiert die interdisziplin\u00e4re Kunstbande g\u00e4rtnerpflichten auf den aktuellen Notstand. Kulturk\u00fcrzungen allerorts, die F\u00f6rderlandschaft kahl, die Aussichten mau. Aber: g\u00e4rtnerpflichten jammern nicht, sondern gehen in die Offensive [&hellip;]<\/p>\n","protected":false},"author":1,"featured_media":0,"parent":0,"menu_order":0,"comment_status":"closed","ping_status":"closed","template":"","meta":{"footnotes":""},"class_list":["post-11102","page","type-page","status-publish","hentry"],"_links":{"self":[{"href":"https:\/\/diskursfestival.de\/en\/wp-json\/wp\/v2\/pages\/11102","targetHints":{"allow":["GET"]}}],"collection":[{"href":"https:\/\/diskursfestival.de\/en\/wp-json\/wp\/v2\/pages"}],"about":[{"href":"https:\/\/diskursfestival.de\/en\/wp-json\/wp\/v2\/types\/page"}],"author":[{"embeddable":true,"href":"https:\/\/diskursfestival.de\/en\/wp-json\/wp\/v2\/users\/1"}],"replies":[{"embeddable":true,"href":"https:\/\/diskursfestival.de\/en\/wp-json\/wp\/v2\/comments?post=11102"}],"version-history":[{"count":18,"href":"https:\/\/diskursfestival.de\/en\/wp-json\/wp\/v2\/pages\/11102\/revisions"}],"predecessor-version":[{"id":11752,"href":"https:\/\/diskursfestival.de\/en\/wp-json\/wp\/v2\/pages\/11102\/revisions\/11752"}],"wp:attachment":[{"href":"https:\/\/diskursfestival.de\/en\/wp-json\/wp\/v2\/media?parent=11102"}],"curies":[{"name":"wp","href":"https:\/\/api.w.org\/{rel}","templated":true}]}}