{"id":11162,"date":"2025-10-12T01:53:03","date_gmt":"2025-10-11T23:53:03","guid":{"rendered":"https:\/\/diskursfestival.de\/?page_id=11162"},"modified":"2025-10-21T00:14:27","modified_gmt":"2025-10-20T22:14:27","slug":"performing-presence","status":"publish","type":"page","link":"https:\/\/diskursfestival.de\/en\/performing-presence\/","title":{"rendered":"Azadeh Ganjeh: PERFORMING PRESENCE \u2013 ACTIVIST BODIES AS PRACTICES OF APPEARANCE"},"content":{"rendered":"<div data-elementor-type=\"wp-page\" data-elementor-id=\"11162\" class=\"elementor elementor-11162\" data-elementor-post-type=\"page\">\n\t\t\t\t<div class=\"elementor-element elementor-element-6ab9d030 e-flex e-con-boxed e-con e-parent\" data-id=\"6ab9d030\" data-element_type=\"container\" data-e-type=\"container\">\n\t\t\t\t\t<div class=\"e-con-inner\">\n\t\t\t\t<div class=\"elementor-element elementor-element-591aca6b elementor--h-position-center elementor--v-position-middle elementor-arrows-position-inside elementor-pagination-position-inside elementor-widget elementor-widget-slides\" data-id=\"591aca6b\" data-element_type=\"widget\" data-e-type=\"widget\" data-settings=\"{&quot;navigation&quot;:&quot;both&quot;,&quot;infinite&quot;:&quot;yes&quot;,&quot;transition&quot;:&quot;slide&quot;,&quot;transition_speed&quot;:500}\" data-widget_type=\"slides.default\">\n\t\t\t\t<div class=\"elementor-widget-container\">\n\t\t\t\t\t\t\t\t\t<div class=\"elementor-swiper\">\n\t\t\t\t\t<div class=\"elementor-slides-wrapper elementor-main-swiper swiper\" role=\"region\" aria-roledescription=\"carousel\" aria-label=\"Protest Architectures\" dir=\"ltr\" data-animation=\"\">\n\t\t\t\t<div class=\"swiper-wrapper elementor-slides\">\n\t\t\t\t\t\t\t\t\t\t<div class=\"elementor-repeater-item-7ccab63 swiper-slide\" role=\"group\" aria-roledescription=\"slide\"><div class=\"swiper-slide-bg\" role=\"img\" aria-label=\"Bild-Azadeh-\"><\/div><a class=\"swiper-slide-inner\" href=\"https:\/\/pretix.eu\/diskursfestival\/2025\/4650035\/\"><div class=\"swiper-slide-contents\"><div  class=\"elementor-button elementor-slide-button elementor-size-xs\">registration<\/div><\/div><\/a><\/div>\t\t\t\t<\/div>\n\t\t\t\t\t\t\t<\/div>\n\t\t\t\t<\/div>\n\t\t\t\t\t\t\t\t<\/div>\n\t\t\t\t<\/div>\n\t\t\t\t\t<\/div>\n\t\t\t\t<\/div>\n\t\t<div class=\"elementor-element elementor-element-6c0609f8 e-flex e-con-boxed e-con e-parent\" data-id=\"6c0609f8\" data-element_type=\"container\" data-e-type=\"container\">\n\t\t\t\t\t<div class=\"e-con-inner\">\n\t\t\t\t<div class=\"elementor-element elementor-element-6047a70c elementor-widget elementor-widget-text-editor\" data-id=\"6047a70c\" data-element_type=\"widget\" data-e-type=\"widget\" data-widget_type=\"text-editor.default\">\n\t\t\t\t<div class=\"elementor-widget-container\">\n\t\t\t\t\t\t\t\t\t<h5>This lecture explores how contested bodies\u2014those whose very presence in public space is challenged\u2014transform that condition into performative acts of resistance and space-making. By appearing on stages, digital platforms, and within moments of protest, activist bodies rehearse a right of appearance that both claims space and opens it to others. These practices make performance not only a method of resistance but also a way of creating accessible, shared spaces that extend from the local to the global.<\/h5>\t\t\t\t\t\t\t\t<\/div>\n\t\t\t\t<\/div>\n\t\t<div class=\"elementor-element elementor-element-3d420c67 e-con-full e-flex e-con e-child\" data-id=\"3d420c67\" data-element_type=\"container\" data-e-type=\"container\">\n\t\t\t\t<div class=\"elementor-element elementor-element-5bcc355e elementor-widget elementor-widget-text-editor\" data-id=\"5bcc355e\" data-element_type=\"widget\" data-e-type=\"widget\" data-widget_type=\"text-editor.default\">\n\t\t\t\t<div class=\"elementor-widget-container\">\n\t\t\t\t\t\t\t\t\t<h4><b>Content note<\/b><\/h4><h4>\u2013<\/h4>\t\t\t\t\t\t\t\t<\/div>\n\t\t\t\t<\/div>\n\t\t\t\t<\/div>\n\t\t<div class=\"elementor-element elementor-element-7aee4b6 e-con-full e-flex e-con e-child\" data-id=\"7aee4b6\" data-element_type=\"container\" data-e-type=\"container\">\n\t\t\t\t<div class=\"elementor-element elementor-element-4f1bde4b elementor-widget elementor-widget-text-editor\" data-id=\"4f1bde4b\" data-element_type=\"widget\" data-e-type=\"widget\" data-widget_type=\"text-editor.default\">\n\t\t\t\t<div class=\"elementor-widget-container\">\n\t\t\t\t\t\t\t\t\t<h4>08.11.2025 18:00<\/h4><h4>festival centre (Seltersweg 50)<\/h4>\t\t\t\t\t\t\t\t<\/div>\n\t\t\t\t<\/div>\n\t\t\t\t<\/div>\n\t\t\t\t\t<\/div>\n\t\t\t\t<\/div>\n\t\t<div class=\"elementor-element elementor-element-54522201 e-flex e-con-boxed e-con e-parent\" data-id=\"54522201\" data-element_type=\"container\" data-e-type=\"container\">\n\t\t\t\t\t<div class=\"e-con-inner\">\n\t\t\t\t<div class=\"elementor-element elementor-element-224e9b31 elementor-widget elementor-widget-n-accordion\" data-id=\"224e9b31\" data-element_type=\"widget\" data-e-type=\"widget\" data-settings=\"{&quot;default_state&quot;:&quot;all_collapsed&quot;,&quot;max_items_expended&quot;:&quot;one&quot;,&quot;n_accordion_animation_duration&quot;:{&quot;unit&quot;:&quot;ms&quot;,&quot;size&quot;:400,&quot;sizes&quot;:[]}}\" data-widget_type=\"nested-accordion.default\">\n\t\t\t\t<div class=\"elementor-widget-container\">\n\t\t\t\t\t\t\t<div class=\"e-n-accordion\" aria-label=\"Accordion. Open links with Enter or Space, close with Escape, and navigate with Arrow Keys\">\n\t\t\t\t\t\t<details id=\"e-n-accordion-item-5750\" class=\"e-n-accordion-item\" >\n\t\t\t\t<summary class=\"e-n-accordion-item-title\" data-accordion-index=\"1\" tabindex=\"0\" aria-expanded=\"false\" aria-controls=\"e-n-accordion-item-5750\" >\n\t\t\t\t\t<span class='e-n-accordion-item-title-header'><div class=\"e-n-accordion-item-title-text\"> about the theoretician <\/div><\/span>\n\t\t\t\t\t\t\t<span class='e-n-accordion-item-title-icon'>\n\t\t\t<span class='e-opened' ><svg aria-hidden=\"true\" class=\"e-font-icon-svg e-fas-minus\" viewbox=\"0 0 448 512\" xmlns=\"http:\/\/www.w3.org\/2000\/svg\"><path d=\"M416 208H32c-17.67 0-32 14.33-32 32v32c0 17.67 14.33 32 32 32h384c17.67 0 32-14.33 32-32v-32c0-17.67-14.33-32-32-32z\"><\/path><\/svg><\/span>\n\t\t\t<span class='e-closed'><svg aria-hidden=\"true\" class=\"e-font-icon-svg e-fas-chevron-down\" viewbox=\"0 0 448 512\" xmlns=\"http:\/\/www.w3.org\/2000\/svg\"><path d=\"M207.029 381.476L12.686 187.132c-9.373-9.373-9.373-24.569 0-33.941l22.667-22.667c9.357-9.357 24.522-9.375 33.901-.04L224 284.505l154.745-154.021c9.379-9.335 24.544-9.317 33.901.04l22.667 22.667c9.373 9.373 9.373 24.569 0 33.941L240.971 381.476c-9.373 9.372-24.569 9.372-33.942 0z\"><\/path><\/svg><\/span>\n\t\t<\/span>\n\n\t\t\t\t\t\t<\/summary>\n\t\t\t\t<div role=\"region\" aria-labelledby=\"e-n-accordion-item-5750\" class=\"elementor-element elementor-element-27d6afbd e-con-full e-flex e-con e-child\" data-id=\"27d6afbd\" data-element_type=\"container\" data-e-type=\"container\">\n\t\t\t\t<div class=\"elementor-element elementor-element-3f491789 elementor-widget elementor-widget-text-editor\" data-id=\"3f491789\" data-element_type=\"widget\" data-e-type=\"widget\" data-widget_type=\"text-editor.default\">\n\t\t\t\t<div class=\"elementor-widget-container\">\n\t\t\t\t\t\t\t\t\t<h5><strong>Azadeh Ganjeh<\/strong> Azadeh Ganjeh is a performance artist, scholar, dramaturge, and activist, and a member of the Rebel-Ist-hah! collective. Born in Tehran-Iran, she holds a Master's in Theater Directing from Tehran Art University and a Doctorate in Philosophy-Theatre Studies from Bern University (2017).<\/h5><h5>Azadeh specializes in creating socially engaged and site-specific performances, participatory performances, performative interventions in urban public spaces, and performance for social-political empowerment. Her research interests encompass Narratives and Politics of the stage, the performativity of public events, the Performative engagement of body and space, emancipation through performing arts, Aesthetics of performativity and politics of space, and activism in performance art.<\/h5><h5>After serving as a professor at Tehran University, she has lectured extensively across Europe. Since April 2022, she has been a researcher and lecturer at the University of Hildesheim. In October 2024, she was appointed Professor of Performance Art in Social Context at the Hochschule f\u00fcr K\u00fcnste im Sozialen, Ottersberg. Driven by her commitment to merging artistic practice with critical research on performance and activism, she recently completed a Mercator Fellowship at the Collaborative Research Centre 1512 \"Intervening Arts\" at Freie Universit\u00e4t Berlin.<\/h5>\t\t\t\t\t\t\t\t<\/div>\n\t\t\t\t<\/div>\n\t\t\t\t<\/div>\n\t\t\t\t\t<\/details>\n\t\t\t\t\t<\/div>\n\t\t\t\t\t\t<\/div>\n\t\t\t\t<\/div>\n\t\t\t\t\t<\/div>\n\t\t\t\t<\/div>\n\t\t<div class=\"elementor-element elementor-element-117946aa e-flex e-con-boxed e-con e-parent\" data-id=\"117946aa\" data-element_type=\"container\" data-e-type=\"container\">\n\t\t\t\t\t<div class=\"e-con-inner\">\n\t\t\t\t<div class=\"elementor-element elementor-element-43b0c735 elementor-widget elementor-widget-google_maps\" data-id=\"43b0c735\" data-element_type=\"widget\" data-e-type=\"widget\" data-widget_type=\"google_maps.default\">\n\t\t\t\t<div class=\"elementor-widget-container\">\n\t\t\t\t\t\t\t<div class=\"elementor-custom-embed\">\n\t\t\t<iframe loading=\"lazy\"\n\t\t\t\t\tsrc=\"https:\/\/maps.google.com\/maps?q=Seltersweg%2050%20giessen&#038;t=m&#038;z=17&#038;output=embed&#038;iwloc=near\"\n\t\t\t\t\ttitle=\"Seltersweg 50 giessen\"\n\t\t\t\t\taria-label=\"Seltersweg 50 giessen\"\n\t\t\t><\/iframe>\n\t\t<\/div>\n\t\t\t\t\t\t<\/div>\n\t\t\t\t<\/div>\n\t\t\t\t\t<\/div>\n\t\t\t\t<\/div>\n\t\t\t\t<\/div>","protected":false},"excerpt":{"rendered":"<p>Anmeldung Dieser Vortrag untersucht, wie umstrittene K\u00f6rper \u2013 deren blo\u00dfe Pr\u00e4senz im \u00f6ffentlichen Raum angefochten wird \u2013 diesen Zustand in performative Akte des Widerstands und der Raumgestaltung verwandeln. Durch ihr Auftreten auf B\u00fchnen, digitalen Plattformen und in Momenten des Protests erproben aktivistische K\u00f6rper ein Recht auf Pr\u00e4senz, das sowohl Raum beansprucht als auch f\u00fcr andere [&hellip;]<\/p>\n","protected":false},"author":1,"featured_media":0,"parent":0,"menu_order":0,"comment_status":"closed","ping_status":"closed","template":"","meta":{"footnotes":""},"class_list":["post-11162","page","type-page","status-publish","hentry"],"_links":{"self":[{"href":"https:\/\/diskursfestival.de\/en\/wp-json\/wp\/v2\/pages\/11162","targetHints":{"allow":["GET"]}}],"collection":[{"href":"https:\/\/diskursfestival.de\/en\/wp-json\/wp\/v2\/pages"}],"about":[{"href":"https:\/\/diskursfestival.de\/en\/wp-json\/wp\/v2\/types\/page"}],"author":[{"embeddable":true,"href":"https:\/\/diskursfestival.de\/en\/wp-json\/wp\/v2\/users\/1"}],"replies":[{"embeddable":true,"href":"https:\/\/diskursfestival.de\/en\/wp-json\/wp\/v2\/comments?post=11162"}],"version-history":[{"count":8,"href":"https:\/\/diskursfestival.de\/en\/wp-json\/wp\/v2\/pages\/11162\/revisions"}],"predecessor-version":[{"id":11233,"href":"https:\/\/diskursfestival.de\/en\/wp-json\/wp\/v2\/pages\/11162\/revisions\/11233"}],"wp:attachment":[{"href":"https:\/\/diskursfestival.de\/en\/wp-json\/wp\/v2\/media?parent=11162"}],"curies":[{"name":"wp","href":"https:\/\/api.w.org\/{rel}","templated":true}]}}