{"id":11355,"date":"2025-10-29T16:02:02","date_gmt":"2025-10-29T15:02:02","guid":{"rendered":"https:\/\/diskursfestival.de\/?page_id=11355"},"modified":"2025-10-29T16:15:20","modified_gmt":"2025-10-29T15:15:20","slug":"everyday-solidarity","status":"publish","type":"page","link":"https:\/\/diskursfestival.de\/en\/everyday-solidarity\/","title":{"rendered":"R\u00e9ka Poloniy: EVERYDAY SOLIDARITY IN TIMES OF CRISIS"},"content":{"rendered":"<div data-elementor-type=\"wp-page\" data-elementor-id=\"11355\" class=\"elementor elementor-11355\" data-elementor-post-type=\"page\">\n\t\t\t\t<div class=\"elementor-element elementor-element-46970a3e e-flex e-con-boxed e-con e-parent\" data-id=\"46970a3e\" data-element_type=\"container\" data-e-type=\"container\">\n\t\t\t\t\t<div class=\"e-con-inner\">\n\t\t\t\t<div class=\"elementor-element elementor-element-77c1b0bb elementor--h-position-center elementor--v-position-middle elementor-arrows-position-inside elementor-pagination-position-inside elementor-widget elementor-widget-slides\" data-id=\"77c1b0bb\" data-element_type=\"widget\" data-e-type=\"widget\" data-settings=\"{&quot;navigation&quot;:&quot;both&quot;,&quot;infinite&quot;:&quot;yes&quot;,&quot;transition&quot;:&quot;slide&quot;,&quot;transition_speed&quot;:500}\" data-widget_type=\"slides.default\">\n\t\t\t\t<div class=\"elementor-widget-container\">\n\t\t\t\t\t\t\t\t\t<div class=\"elementor-swiper\">\n\t\t\t\t\t<div class=\"elementor-slides-wrapper elementor-main-swiper swiper\" role=\"region\" aria-roledescription=\"carousel\" aria-label=\"Protest Architectures\" dir=\"ltr\" data-animation=\"\">\n\t\t\t\t<div class=\"swiper-wrapper elementor-slides\">\n\t\t\t\t\t\t\t\t\t\t<div class=\"elementor-repeater-item-7ccab63 swiper-slide\" role=\"group\" aria-roledescription=\"slide\"><div class=\"swiper-slide-bg\" role=\"img\" aria-label=\"IMG_0167\"><\/div><a class=\"swiper-slide-inner\" href=\"https:\/\/pretix.eu\/diskursfestival\/2025\/4650030\/\"><div class=\"swiper-slide-contents\"><div  class=\"elementor-button elementor-slide-button elementor-size-xs\">registration<\/div><\/div><\/a><\/div>\t\t\t\t<\/div>\n\t\t\t\t\t\t\t<\/div>\n\t\t\t\t<\/div>\n\t\t\t\t\t\t\t\t<\/div>\n\t\t\t\t<\/div>\n\t\t\t\t\t<\/div>\n\t\t\t\t<\/div>\n\t\t<div class=\"elementor-element elementor-element-5577b30f e-flex e-con-boxed e-con e-parent\" data-id=\"5577b30f\" data-element_type=\"container\" data-e-type=\"container\">\n\t\t\t\t\t<div class=\"e-con-inner\">\n\t\t\t\t<div class=\"elementor-element elementor-element-41b0fca4 elementor-widget elementor-widget-text-editor\" data-id=\"41b0fca4\" data-element_type=\"widget\" data-e-type=\"widget\" data-widget_type=\"text-editor.default\">\n\t\t\t\t<div class=\"elementor-widget-container\">\n\t\t\t\t\t\t\t\t\t<h5>\u2018Solidarity\u2019 has become a popular and political buzzword, proudly stated on all sides of the ideological spectrum: from the left to the (extreme) right. But what do acts of solidarity look like, in practice? At a time of democratic crisis, this question has become all the more urgent. Join this discussion to explore the potentials of our own performed solidarities, from the everyday gesture to the loud and spectacular.<\/h5>\t\t\t\t\t\t\t\t<\/div>\n\t\t\t\t<\/div>\n\t\t<div class=\"elementor-element elementor-element-18c3a0a9 e-con-full e-flex e-con e-child\" data-id=\"18c3a0a9\" data-element_type=\"container\" data-e-type=\"container\">\n\t\t\t\t<div class=\"elementor-element elementor-element-3fc97b95 elementor-widget elementor-widget-text-editor\" data-id=\"3fc97b95\" data-element_type=\"widget\" data-e-type=\"widget\" data-widget_type=\"text-editor.default\">\n\t\t\t\t<div class=\"elementor-widget-container\">\n\t\t\t\t\t\t\t\t\t<h4><b>Content note<\/b><\/h4><h4>This session has interactive elements, including one game with light movement (participation is optional). Content includes spontaneous discussion (optional), with themes of social activism and systemic oppression.<\/h4>\t\t\t\t\t\t\t\t<\/div>\n\t\t\t\t<\/div>\n\t\t\t\t<\/div>\n\t\t<div class=\"elementor-element elementor-element-72aae121 e-con-full e-flex e-con e-child\" data-id=\"72aae121\" data-element_type=\"container\" data-e-type=\"container\">\n\t\t\t\t<div class=\"elementor-element elementor-element-c87f1f2 elementor-widget elementor-widget-text-editor\" data-id=\"c87f1f2\" data-element_type=\"widget\" data-e-type=\"widget\" data-widget_type=\"text-editor.default\">\n\t\t\t\t<div class=\"elementor-widget-container\">\n\t\t\t\t\t\t\t\t\t<h4>09.11.2025 2 p.m. festival center (Seltersweg 50)<\/h4>\t\t\t\t\t\t\t\t<\/div>\n\t\t\t\t<\/div>\n\t\t\t\t<\/div>\n\t\t\t\t\t<\/div>\n\t\t\t\t<\/div>\n\t\t<div class=\"elementor-element elementor-element-4a27bdc6 e-flex e-con-boxed e-con e-parent\" data-id=\"4a27bdc6\" data-element_type=\"container\" data-e-type=\"container\">\n\t\t\t\t\t<div class=\"e-con-inner\">\n\t\t\t\t<div class=\"elementor-element elementor-element-39e45b2a elementor-widget elementor-widget-n-accordion\" data-id=\"39e45b2a\" data-element_type=\"widget\" data-e-type=\"widget\" data-settings=\"{&quot;default_state&quot;:&quot;all_collapsed&quot;,&quot;max_items_expended&quot;:&quot;one&quot;,&quot;n_accordion_animation_duration&quot;:{&quot;unit&quot;:&quot;ms&quot;,&quot;size&quot;:400,&quot;sizes&quot;:[]}}\" data-widget_type=\"nested-accordion.default\">\n\t\t\t\t<div class=\"elementor-widget-container\">\n\t\t\t\t\t\t\t<div class=\"e-n-accordion\" aria-label=\"Accordion. Open links with Enter or Space, close with Escape, and navigate with Arrow Keys\">\n\t\t\t\t\t\t<details id=\"e-n-accordion-item-9710\" class=\"e-n-accordion-item\" >\n\t\t\t\t<summary class=\"e-n-accordion-item-title\" data-accordion-index=\"1\" tabindex=\"0\" aria-expanded=\"false\" aria-controls=\"e-n-accordion-item-9710\" >\n\t\t\t\t\t<span class='e-n-accordion-item-title-header'><div class=\"e-n-accordion-item-title-text\"> about the theoretician <\/div><\/span>\n\t\t\t\t\t\t\t<span class='e-n-accordion-item-title-icon'>\n\t\t\t<span class='e-opened' ><svg aria-hidden=\"true\" class=\"e-font-icon-svg e-fas-minus\" viewbox=\"0 0 448 512\" xmlns=\"http:\/\/www.w3.org\/2000\/svg\"><path d=\"M416 208H32c-17.67 0-32 14.33-32 32v32c0 17.67 14.33 32 32 32h384c17.67 0 32-14.33 32-32v-32c0-17.67-14.33-32-32-32z\"><\/path><\/svg><\/span>\n\t\t\t<span class='e-closed'><svg aria-hidden=\"true\" class=\"e-font-icon-svg e-fas-chevron-down\" viewbox=\"0 0 448 512\" xmlns=\"http:\/\/www.w3.org\/2000\/svg\"><path d=\"M207.029 381.476L12.686 187.132c-9.373-9.373-9.373-24.569 0-33.941l22.667-22.667c9.357-9.357 24.522-9.375 33.901-.04L224 284.505l154.745-154.021c9.379-9.335 24.544-9.317 33.901.04l22.667 22.667c9.373 9.373 9.373 24.569 0 33.941L240.971 381.476c-9.373 9.372-24.569 9.372-33.942 0z\"><\/path><\/svg><\/span>\n\t\t<\/span>\n\n\t\t\t\t\t\t<\/summary>\n\t\t\t\t<div role=\"region\" aria-labelledby=\"e-n-accordion-item-9710\" class=\"elementor-element elementor-element-a205617 e-con-full e-flex e-con e-child\" data-id=\"a205617\" data-element_type=\"container\" data-e-type=\"container\">\n\t\t\t\t<div class=\"elementor-element elementor-element-16f6190d elementor-widget elementor-widget-text-editor\" data-id=\"16f6190d\" data-element_type=\"widget\" data-e-type=\"widget\" data-widget_type=\"text-editor.default\">\n\t\t\t\t<div class=\"elementor-widget-container\">\n\t\t\t\t\t\t\t\t\t<h4><strong>R\u00e9ka Poloni<\/strong> ist Theatermacherin, wissenschaftliche Forscherin und Dozentin mit Schwerpunkt auf sozialem und politischem Theater und arbeitet am Fachbereich Drama der Universit\u00e4t Manchester (Gro\u00dfbritannien). In ihrer Praxis setzt sie sich f\u00fcr die Rechte von Migranten ein und hat mit verschiedenen NGOs, Theatergruppen, gemeinn\u00fctzigen Organisationen und Basisaktivisten in unterschiedlichen Umgebungen (Gef\u00e4ngnissen, Fl\u00fcchtlingslagern, Zentren f\u00fcr Migrantenrechte, Gemeinschaftsr\u00e4umen) und L\u00e4ndern (Frankreich, Ungarn, Ecuador, Kolumbien, New York, Gro\u00dfbritannien) zusammengearbeitet. Ihre vom britischen Arts and Humanities Research Council (AHRC) finanzierte Doktorarbeit, die derzeit in einem Buch (Manchester Uni Press) ver\u00f6ffentlicht wird, befasste sich mit der Rolle der Verspieltheit in kreativen Formen des Aktivismus und umfasste Feldforschung in den Pal\u00e4stinensischen Gebieten und im Libanon. Sie wurde mit dem New Scholars Prize (IFTR 2021) und dem Emerging Scholars Award (Common Grounds 2020) ausgezeichnet und hat seitdem verschiedene Artikel und ein herausgegebenes Buch ver\u00f6ffentlicht. Als Postdoktorandin arbeitete sie mit Prof. James Thompson an Care Aesthetics, einer interdisziplin\u00e4ren Untersuchung, die sich auf die feministische Philosophie der Care-Ethik und das sozial engagierte Theater st\u00fctzt. Sie erhielt das Bicentenary Research Fellowship (UoM, 2025-2028) f\u00fcr die Leitung eines Projekts \u00fcber allt\u00e4gliche Solidarit\u00e4tsbekundungen als Reaktion auf die extreme Rechte in Europa. R\u00e9ka ist seit langem daran interessiert, nachhaltige Br\u00fccken zwischen Wissenschaft und Aktivismus zu schlagen. Sie ist au\u00dferdem ausgebildete Clownin \u2013 etwas, worauf sie stolz ist, auch innerhalb der akademischen Welt bewahrt zu haben.<\/h4>\t\t\t\t\t\t\t\t<\/div>\n\t\t\t\t<\/div>\n\t\t\t\t<\/div>\n\t\t\t\t\t<\/details>\n\t\t\t\t\t<\/div>\n\t\t\t\t\t\t<\/div>\n\t\t\t\t<\/div>\n\t\t\t\t\t<\/div>\n\t\t\t\t<\/div>\n\t\t<div class=\"elementor-element elementor-element-47ce6460 e-flex e-con-boxed e-con e-parent\" data-id=\"47ce6460\" data-element_type=\"container\" data-e-type=\"container\">\n\t\t\t\t\t<div class=\"e-con-inner\">\n\t\t\t\t<div class=\"elementor-element elementor-element-6e5859e7 elementor-widget elementor-widget-google_maps\" data-id=\"6e5859e7\" data-element_type=\"widget\" data-e-type=\"widget\" data-widget_type=\"google_maps.default\">\n\t\t\t\t<div class=\"elementor-widget-container\">\n\t\t\t\t\t\t\t<div class=\"elementor-custom-embed\">\n\t\t\t<iframe loading=\"lazy\"\n\t\t\t\t\tsrc=\"https:\/\/maps.google.com\/maps?q=selterwgew%2050%20Giessen&#038;t=m&#038;z=17&#038;output=embed&#038;iwloc=near\"\n\t\t\t\t\ttitle=\"selterwgew 50 Giessen\"\n\t\t\t\t\taria-label=\"selterwgew 50 Giessen\"\n\t\t\t><\/iframe>\n\t\t<\/div>\n\t\t\t\t\t\t<\/div>\n\t\t\t\t<\/div>\n\t\t\t\t\t<\/div>\n\t\t\t\t<\/div>\n\t\t\t\t<\/div>","protected":false},"excerpt":{"rendered":"<p>Anmeldung \u201eSolidarit\u00e4t\u201c ist zu einem beliebten politischen Schlagwort geworden, das von allen Seiten des ideologischen Spektrums \u2013 von links bis (extrem) rechts \u2013 stolz verwendet wird. Aber wie sieht Solidarit\u00e4t in der Praxis aus? In Zeiten einer demokratischen Krise ist diese Frage umso dringlicher geworden. Nehmen Sie an dieser Diskussion teil, um das Potenzial unserer [&hellip;]<\/p>\n","protected":false},"author":1,"featured_media":0,"parent":0,"menu_order":0,"comment_status":"closed","ping_status":"closed","template":"","meta":{"footnotes":""},"class_list":["post-11355","page","type-page","status-publish","hentry"],"_links":{"self":[{"href":"https:\/\/diskursfestival.de\/en\/wp-json\/wp\/v2\/pages\/11355","targetHints":{"allow":["GET"]}}],"collection":[{"href":"https:\/\/diskursfestival.de\/en\/wp-json\/wp\/v2\/pages"}],"about":[{"href":"https:\/\/diskursfestival.de\/en\/wp-json\/wp\/v2\/types\/page"}],"author":[{"embeddable":true,"href":"https:\/\/diskursfestival.de\/en\/wp-json\/wp\/v2\/users\/1"}],"replies":[{"embeddable":true,"href":"https:\/\/diskursfestival.de\/en\/wp-json\/wp\/v2\/comments?post=11355"}],"version-history":[{"count":11,"href":"https:\/\/diskursfestival.de\/en\/wp-json\/wp\/v2\/pages\/11355\/revisions"}],"predecessor-version":[{"id":11389,"href":"https:\/\/diskursfestival.de\/en\/wp-json\/wp\/v2\/pages\/11355\/revisions\/11389"}],"wp:attachment":[{"href":"https:\/\/diskursfestival.de\/en\/wp-json\/wp\/v2\/media?parent=11355"}],"curies":[{"name":"wp","href":"https:\/\/api.w.org\/{rel}","templated":true}]}}