{"id":11769,"date":"2025-11-04T22:33:11","date_gmt":"2025-11-04T21:33:11","guid":{"rendered":"https:\/\/diskursfestival.de\/?page_id=11769"},"modified":"2025-11-04T22:55:16","modified_gmt":"2025-11-04T21:55:16","slug":"exkurs-zwischenraum","status":"publish","type":"page","link":"https:\/\/diskursfestival.de\/en\/exkurs-zwischenraum\/","title":{"rendered":"exkurs zwischenraum"},"content":{"rendered":"<div data-elementor-type=\"wp-page\" data-elementor-id=\"11769\" class=\"elementor elementor-11769\" data-elementor-post-type=\"page\">\n\t\t\t\t<div class=\"elementor-element elementor-element-bc6b7b8 e-grid e-con-boxed e-con e-parent\" data-id=\"bc6b7b8\" data-element_type=\"container\">\n\t\t\t\t\t<div class=\"e-con-inner\">\n\t\t\t\t<div class=\"elementor-element elementor-element-62c0bdc elementor-widget elementor-widget-image\" data-id=\"62c0bdc\" data-element_type=\"widget\" data-widget_type=\"image.default\">\n\t\t\t\t<div class=\"elementor-widget-container\">\n\t\t\t\t\t\t\t\t\t\t\t\t\t\t\t<img fetchpriority=\"high\" decoding=\"async\" width=\"800\" height=\"559\" src=\"https:\/\/diskursfestival.de\/wp-content\/uploads\/2025\/11\/02.-preview-programm-1024x715.jpg\" class=\"attachment-large size-large wp-image-11775\" alt=\"\" srcset=\"https:\/\/diskursfestival.de\/wp-content\/uploads\/2025\/11\/02.-preview-programm-1024x715.jpg 1024w, https:\/\/diskursfestival.de\/wp-content\/uploads\/2025\/11\/02.-preview-programm-300x209.jpg 300w, https:\/\/diskursfestival.de\/wp-content\/uploads\/2025\/11\/02.-preview-programm-768x536.jpg 768w, https:\/\/diskursfestival.de\/wp-content\/uploads\/2025\/11\/02.-preview-programm-1536x1072.jpg 1536w, https:\/\/diskursfestival.de\/wp-content\/uploads\/2025\/11\/02.-preview-programm-2048x1429.jpg 2048w, https:\/\/diskursfestival.de\/wp-content\/uploads\/2025\/11\/02.-preview-programm-18x12.jpg 18w, https:\/\/diskursfestival.de\/wp-content\/uploads\/2025\/11\/02.-preview-programm-1320x921.jpg 1320w\" sizes=\"(max-width: 800px) 100vw, 800px\" \/>\t\t\t\t\t\t\t\t\t\t\t\t\t\t\t<\/div>\n\t\t\t\t<\/div>\n\t\t\t\t<div class=\"elementor-element elementor-element-d1ab7f8 elementor-widget elementor-widget-heading\" data-id=\"d1ab7f8\" data-element_type=\"widget\" data-widget_type=\"heading.default\">\n\t\t\t\t<div class=\"elementor-widget-container\">\n\t\t\t\t\t<h2 class=\"elementor-heading-title elementor-size-default\">Das diesj\u00e4hrige Diskurs-Festival wird sich in einem verl\u00e4ngerten Zeitrahmen u\u0308ber ein Raumkonzept in den Stadtraum eingliedern. Durch die hochschulpolitischen Umstrukturierungen und Verku\u0308rzungen der Studienzeiten (Stichwort: Modularisierung\ndurch die Bachelor- &amp; Master-Studieng\u00e4nge) bedarf es eines solchen verl\u00e4ngerten Zeitraumes, in welchen die gesellschaftliche Relevanz der performativen Ku\u0308nsten\nunmittelbar und nachhaltig erprobt werden k\u00f6nnen.\n\nDer exkurs zwischenraum ist demnach als Versuchs-, Auffu\u0308hrungs- und Kommunikationsraum konzipiert, in dem gemeinschaftlich an der Festivalstruktur und ihrer inhaltlichen Konzeption gearbeitet werden kann.\nIn Zusammenarbeit mit Studierenden fachverwandter und fachfremder Studieng\u00e4nge, Kulturschaffenden und Wissenschaftlern aus Deutschland und Europa, soll in diesem einj\u00e4hrigen Zeitraum das Festival-Projekt zwischenraum performativ gestaltet werden.\n\nPerformance wird hier als aktiv handelndes Eingreifen in die soziale Wirklichkeit verstanden, welches an der Schnittstelle zwischen theoretischer Reflektion und praktischer Erprobung operiert.\n\nexkurs 2011 setzt sich damit als Ziel einen interdisziplin\u00e4ren Austausch, um einen verl\u00e4ngerten und dadurch produktiveren Zeitraum zu erm\u00f6glichen.<\/h2>\t\t\t\t<\/div>\n\t\t\t\t<\/div>\n\t\t\t\t\t<\/div>\n\t\t\t\t<\/div>\n\t\t<div class=\"elementor-element elementor-element-892cf1e e-grid e-con-boxed e-con e-parent\" data-id=\"892cf1e\" data-element_type=\"container\">\n\t\t\t\t\t<div class=\"e-con-inner\">\n\t\t\t\t<div class=\"elementor-element elementor-element-035dfd3 elementor-widget elementor-widget-image\" data-id=\"035dfd3\" data-element_type=\"widget\" data-widget_type=\"image.default\">\n\t\t\t\t<div class=\"elementor-widget-container\">\n\t\t\t\t\t\t\t\t\t\t\t\t\t\t\t<img decoding=\"async\" width=\"768\" height=\"1024\" src=\"https:\/\/diskursfestival.de\/wp-content\/uploads\/2025\/11\/04.-leisure-768x1024.jpg\" class=\"attachment-large size-large wp-image-11778\" alt=\"\" srcset=\"https:\/\/diskursfestival.de\/wp-content\/uploads\/2025\/11\/04.-leisure-768x1024.jpg 768w, https:\/\/diskursfestival.de\/wp-content\/uploads\/2025\/11\/04.-leisure-225x300.jpg 225w, https:\/\/diskursfestival.de\/wp-content\/uploads\/2025\/11\/04.-leisure-1152x1536.jpg 1152w, https:\/\/diskursfestival.de\/wp-content\/uploads\/2025\/11\/04.-leisure-9x12.jpg 9w, https:\/\/diskursfestival.de\/wp-content\/uploads\/2025\/11\/04.-leisure.jpg 1200w\" sizes=\"(max-width: 768px) 100vw, 768px\" \/>\t\t\t\t\t\t\t\t\t\t\t\t\t\t\t<\/div>\n\t\t\t\t<\/div>\n\t\t\t\t<div class=\"elementor-element elementor-element-dc7944e elementor-widget elementor-widget-image\" data-id=\"dc7944e\" data-element_type=\"widget\" data-widget_type=\"image.default\">\n\t\t\t\t<div class=\"elementor-widget-container\">\n\t\t\t\t\t\t\t\t\t\t\t\t\t\t\t<img decoding=\"async\" width=\"768\" height=\"1024\" src=\"https:\/\/diskursfestival.de\/wp-content\/uploads\/2025\/11\/03.-experiment-768x1024.jpg\" class=\"attachment-large size-large wp-image-11782\" alt=\"\" srcset=\"https:\/\/diskursfestival.de\/wp-content\/uploads\/2025\/11\/03.-experiment-768x1024.jpg 768w, https:\/\/diskursfestival.de\/wp-content\/uploads\/2025\/11\/03.-experiment-225x300.jpg 225w, https:\/\/diskursfestival.de\/wp-content\/uploads\/2025\/11\/03.-experiment-1152x1536.jpg 1152w, https:\/\/diskursfestival.de\/wp-content\/uploads\/2025\/11\/03.-experiment-9x12.jpg 9w, https:\/\/diskursfestival.de\/wp-content\/uploads\/2025\/11\/03.-experiment.jpg 1200w\" sizes=\"(max-width: 768px) 100vw, 768px\" \/>\t\t\t\t\t\t\t\t\t\t\t\t\t\t\t<\/div>\n\t\t\t\t<\/div>\n\t\t\t\t\t<\/div>\n\t\t\t\t<\/div>\n\t\t<div class=\"elementor-element elementor-element-7db156a e-grid e-con-boxed e-con e-parent\" data-id=\"7db156a\" data-element_type=\"container\">\n\t\t\t\t\t<div class=\"e-con-inner\">\n\t\t\t\t<div class=\"elementor-element elementor-element-bf25e17 elementor-widget elementor-widget-image\" data-id=\"bf25e17\" data-element_type=\"widget\" data-widget_type=\"image.default\">\n\t\t\t\t<div class=\"elementor-widget-container\">\n\t\t\t\t\t\t\t\t\t\t\t\t\t\t\t<img loading=\"lazy\" decoding=\"async\" width=\"744\" height=\"1024\" src=\"https:\/\/diskursfestival.de\/wp-content\/uploads\/2025\/11\/Artikel-in-der-Buehnentechnischen-Rundschau-744x1024.jpg\" class=\"attachment-large size-large wp-image-11787\" alt=\"\" srcset=\"https:\/\/diskursfestival.de\/wp-content\/uploads\/2025\/11\/Artikel-in-der-Buehnentechnischen-Rundschau-744x1024.jpg 744w, https:\/\/diskursfestival.de\/wp-content\/uploads\/2025\/11\/Artikel-in-der-Buehnentechnischen-Rundschau-218x300.jpg 218w, https:\/\/diskursfestival.de\/wp-content\/uploads\/2025\/11\/Artikel-in-der-Buehnentechnischen-Rundschau-768x1056.jpg 768w, https:\/\/diskursfestival.de\/wp-content\/uploads\/2025\/11\/Artikel-in-der-Buehnentechnischen-Rundschau-1117x1536.jpg 1117w, https:\/\/diskursfestival.de\/wp-content\/uploads\/2025\/11\/Artikel-in-der-Buehnentechnischen-Rundschau-1489x2048.jpg 1489w, https:\/\/diskursfestival.de\/wp-content\/uploads\/2025\/11\/Artikel-in-der-Buehnentechnischen-Rundschau-9x12.jpg 9w, https:\/\/diskursfestival.de\/wp-content\/uploads\/2025\/11\/Artikel-in-der-Buehnentechnischen-Rundschau-1320x1816.jpg 1320w, https:\/\/diskursfestival.de\/wp-content\/uploads\/2025\/11\/Artikel-in-der-Buehnentechnischen-Rundschau-scaled.jpg 1861w\" sizes=\"(max-width: 744px) 100vw, 744px\" \/>\t\t\t\t\t\t\t\t\t\t\t\t\t\t\t<\/div>\n\t\t\t\t<\/div>\n\t\t\t\t<div class=\"elementor-element elementor-element-247bae6 elementor-widget elementor-widget-image\" data-id=\"247bae6\" data-element_type=\"widget\" data-widget_type=\"image.default\">\n\t\t\t\t<div class=\"elementor-widget-container\">\n\t\t\t\t\t\t\t\t\t\t\t\t\t\t\t<img loading=\"lazy\" decoding=\"async\" width=\"755\" height=\"1024\" src=\"https:\/\/diskursfestival.de\/wp-content\/uploads\/2025\/11\/Screenshot-2025-11-04-at-22.52.12-755x1024.png\" class=\"attachment-large size-large wp-image-11783\" alt=\"\" srcset=\"https:\/\/diskursfestival.de\/wp-content\/uploads\/2025\/11\/Screenshot-2025-11-04-at-22.52.12-755x1024.png 755w, https:\/\/diskursfestival.de\/wp-content\/uploads\/2025\/11\/Screenshot-2025-11-04-at-22.52.12-221x300.png 221w, https:\/\/diskursfestival.de\/wp-content\/uploads\/2025\/11\/Screenshot-2025-11-04-at-22.52.12-768x1042.png 768w, https:\/\/diskursfestival.de\/wp-content\/uploads\/2025\/11\/Screenshot-2025-11-04-at-22.52.12-9x12.png 9w, https:\/\/diskursfestival.de\/wp-content\/uploads\/2025\/11\/Screenshot-2025-11-04-at-22.52.12.png 1054w\" sizes=\"(max-width: 755px) 100vw, 755px\" \/>\t\t\t\t\t\t\t\t\t\t\t\t\t\t\t<\/div>\n\t\t\t\t<\/div>\n\t\t\t\t\t<\/div>\n\t\t\t\t<\/div>\n\t\t\t\t<\/div>","protected":false},"excerpt":{"rendered":"<p>Das diesj\u00e4hrige Diskurs-Festival wird sich in einem verl\u00e4ngerten Zeitrahmen u\u0308ber ein Raumkonzept in den Stadtraum eingliedern. Durch die hochschulpolitischen Umstrukturierungen und Verku\u0308rzungen der Studienzeiten (Stichwort: Modularisierung durch die Bachelor- &amp; Master-Studieng\u00e4nge) bedarf es eines solchen verl\u00e4ngerten Zeitraumes, in welchen die gesellschaftliche Relevanz der performativen Ku\u0308nsten unmittelbar und nachhaltig erprobt werden k\u00f6nnen. Der exkurs zwischenraum ist [&hellip;]<\/p>\n","protected":false},"author":1,"featured_media":0,"parent":0,"menu_order":0,"comment_status":"closed","ping_status":"closed","template":"","meta":{"footnotes":""},"class_list":["post-11769","page","type-page","status-publish","hentry"],"_links":{"self":[{"href":"https:\/\/diskursfestival.de\/en\/wp-json\/wp\/v2\/pages\/11769","targetHints":{"allow":["GET"]}}],"collection":[{"href":"https:\/\/diskursfestival.de\/en\/wp-json\/wp\/v2\/pages"}],"about":[{"href":"https:\/\/diskursfestival.de\/en\/wp-json\/wp\/v2\/types\/page"}],"author":[{"embeddable":true,"href":"https:\/\/diskursfestival.de\/en\/wp-json\/wp\/v2\/users\/1"}],"replies":[{"embeddable":true,"href":"https:\/\/diskursfestival.de\/en\/wp-json\/wp\/v2\/comments?post=11769"}],"version-history":[{"count":7,"href":"https:\/\/diskursfestival.de\/en\/wp-json\/wp\/v2\/pages\/11769\/revisions"}],"predecessor-version":[{"id":11790,"href":"https:\/\/diskursfestival.de\/en\/wp-json\/wp\/v2\/pages\/11769\/revisions\/11790"}],"wp:attachment":[{"href":"https:\/\/diskursfestival.de\/en\/wp-json\/wp\/v2\/media?parent=11769"}],"curies":[{"name":"wp","href":"https:\/\/api.w.org\/{rel}","templated":true}]}}