{"id":11875,"date":"2025-11-06T15:53:33","date_gmt":"2025-11-06T14:53:33","guid":{"rendered":"https:\/\/diskursfestival.de\/?page_id=11875"},"modified":"2025-11-06T16:01:06","modified_gmt":"2025-11-06T15:01:06","slug":"awareness-2","status":"publish","type":"page","link":"https:\/\/diskursfestival.de\/en\/awareness-2\/","title":{"rendered":"AWARENESS"},"content":{"rendered":"<div data-elementor-type=\"wp-page\" data-elementor-id=\"11875\" class=\"elementor elementor-11875\" data-elementor-post-type=\"page\">\n\t\t\t\t<div class=\"elementor-element elementor-element-6ebe406 e-flex e-con-boxed e-con e-parent\" data-id=\"6ebe406\" data-element_type=\"container\">\n\t\t\t\t\t<div class=\"e-con-inner\">\n\t\t\t\t<div class=\"elementor-element elementor-element-9ce7bfb elementor-widget elementor-widget-text-editor\" data-id=\"9ce7bfb\" data-element_type=\"widget\" data-widget_type=\"text-editor.default\">\n\t\t\t\t<div class=\"elementor-widget-container\">\n\t\t\t\t\t\t\t\t\t<h4><strong>AWARENESS DISKURS FESTIVAL 2025<\/strong><\/h4><h4>Awareness means attentiveness, being mindful that neither your own boundaries and sense of safety nor those of others are crossed. We all share responsibility for creating a collective feeling of safety when we move through a space or the festival grounds.<\/h4><h4>We are living in a time of political and social upheaval. It takes strength to hold space for contradictions, but there are clear boundaries. Hatred, racism, sexism, Islamophobia, antisemitism, sexual harassment, queerphobia, transphobia, ableism, and any other form of discrimination have no place here. Please take a moment to read our Code of Conduct, which you can find on our website or via the QR codes.<\/h4><h4>If you witness or experience boundary violations, or if you\u2019re unsure about something, please reach out to the Awareness Team. You\u2019re also welcome to come to us if you need some sugar, water, a quiet moment, a phone charger, or have any other access- or awareness-related questions.<\/h4><h4><strong>AWARENESS-TEAM<\/strong><\/h4><h4>The Awareness Team is available from the first scheduled program item until the end of the last one, either at the festival center or around the festival grounds. You can recognize them by their vests.\nOur Awareness Team consists of volunteers from the student community, with different backgrounds, skills, and experiences in this field. If the person on duty is unsure how to respond, they will contact the festival team, and together we will decide what can be done in the given situation.<\/h4><h4>Awareness phone number:<\/h4><h4>+49017624213334<\/h4><h4><strong>CALM DOWN SPACE<\/strong><\/h4><h4>Need some quiet or a place to retreat? The Calm Down Space is located in Media Studio 1 in PB3000 and can be reached via stairs or elevator.<\/h4><h4><strong>DIGITAL LETTERBOX<\/strong><\/h4><h4>Do you have feedback, criticism, or personal experiences you\u2019d like to share? Write to us in whichever language you feel most comfortable: <a href=\"mailto:awareness@diskursfestival.de\">awareness@diskursfestival.de<\/a><\/h4><h4><strong>FURTHER SUPPORT SERVICES<\/strong><\/h4><h4>Local and national support services in Gie\u00dfen include:<\/h4><ul><li aria-level=\"1\"><h4>Heimwegtelefon (Safe Walk Home Hotline): +49 (0)30 120 74 182<\/h4><\/li><\/ul><ul><li aria-level=\"1\"><h4>Sexual Abuse Helpline: 0800 22 55 530<\/h4><\/li><\/ul><ul><li aria-level=\"1\"><h4>Emergency Medical Service: 116117<\/h4><\/li><\/ul><h4><br \/><br \/><br \/><br \/><\/h4>\t\t\t\t\t\t\t\t<\/div>\n\t\t\t\t<\/div>\n\t\t\t\t\t<\/div>\n\t\t\t\t<\/div>\n\t\t\t\t<\/div>","protected":false},"excerpt":{"rendered":"<p>AWARENESS DISKURS FESTIVAL 2025 Awareness (engl.) bedeutet Aufmerksamkeit. Aufmerksamkeit daf\u00fcr, dass die eigenen Grenzen und Sicherheitsgef\u00fchle sowie die der anderen nicht \u00fcberschritten werden. Wir tragen alle Verantwortung f\u00fcr ein gemeinschaftliches Sicherheitsgef\u00fchl, wenn wir uns in einem Raum oder auf dem Festivalgel\u00e4nde bewegen. Wir befinden uns in einer Zeit politischer und gesellschaftlicher Erdbeben. Es braucht Kraft, [&hellip;]<\/p>\n","protected":false},"author":1,"featured_media":0,"parent":0,"menu_order":0,"comment_status":"closed","ping_status":"closed","template":"","meta":{"footnotes":""},"class_list":["post-11875","page","type-page","status-publish","hentry"],"_links":{"self":[{"href":"https:\/\/diskursfestival.de\/en\/wp-json\/wp\/v2\/pages\/11875","targetHints":{"allow":["GET"]}}],"collection":[{"href":"https:\/\/diskursfestival.de\/en\/wp-json\/wp\/v2\/pages"}],"about":[{"href":"https:\/\/diskursfestival.de\/en\/wp-json\/wp\/v2\/types\/page"}],"author":[{"embeddable":true,"href":"https:\/\/diskursfestival.de\/en\/wp-json\/wp\/v2\/users\/1"}],"replies":[{"embeddable":true,"href":"https:\/\/diskursfestival.de\/en\/wp-json\/wp\/v2\/comments?post=11875"}],"version-history":[{"count":7,"href":"https:\/\/diskursfestival.de\/en\/wp-json\/wp\/v2\/pages\/11875\/revisions"}],"predecessor-version":[{"id":11883,"href":"https:\/\/diskursfestival.de\/en\/wp-json\/wp\/v2\/pages\/11875\/revisions\/11883"}],"wp:attachment":[{"href":"https:\/\/diskursfestival.de\/en\/wp-json\/wp\/v2\/media?parent=11875"}],"curies":[{"name":"wp","href":"https:\/\/api.w.org\/{rel}","templated":true}]}}