{"id":3250,"date":"2022-09-13T22:06:22","date_gmt":"2022-09-13T20:06:22","guid":{"rendered":"https:\/\/diskursfestival.de\/?page_id=3250"},"modified":"2025-10-31T00:31:58","modified_gmt":"2025-10-30T23:31:58","slug":"team_2025","status":"publish","type":"page","link":"https:\/\/diskursfestival.de\/en\/team_2025\/","title":{"rendered":"team"},"content":{"rendered":"\t\t<div data-elementor-type=\"wp-page\" data-elementor-id=\"3250\" class=\"elementor elementor-3250\" data-elementor-post-type=\"page\">\n\t\t\t\t<div class=\"elementor-element elementor-element-3b58ae6 link white e-flex e-con-boxed e-con e-parent\" data-id=\"3b58ae6\" data-element_type=\"container\">\n\t\t\t\t\t<div class=\"e-con-inner\">\n\t\t\t\t<div class=\"elementor-element elementor-element-b165533 elementor-widget elementor-widget-heading\" data-id=\"b165533\" data-element_type=\"widget\" data-widget_type=\"heading.default\">\n\t\t\t\t<div class=\"elementor-widget-container\">\n\t\t\t\t\t<h2 class=\"elementor-heading-title elementor-size-default\">Team Diskurs 2025<\/h2>\t\t\t\t<\/div>\n\t\t\t\t<\/div>\n\t\t\t\t\t<\/div>\n\t\t\t\t<\/div>\n\t\t<div class=\"elementor-element elementor-element-f1fabb2 e-grid e-con-boxed e-con e-parent\" data-id=\"f1fabb2\" data-element_type=\"container\">\n\t\t\t\t\t<div class=\"e-con-inner\">\n\t\t<div class=\"elementor-element elementor-element-cb5decd e-con-full e-grid e-con e-child\" data-id=\"cb5decd\" data-element_type=\"container\">\n\t\t<div class=\"elementor-element elementor-element-acce051 e-con-full e-flex e-con e-child\" data-id=\"acce051\" data-element_type=\"container\" data-settings=\"{&quot;background_background&quot;:&quot;slideshow&quot;,&quot;background_slideshow_gallery&quot;:[{&quot;id&quot;:10940,&quot;url&quot;:&quot;https:\\\/\\\/diskursfestival.de\\\/wp-content\\\/uploads\\\/2025\\\/10\\\/Photo-Ruby-1.png&quot;}],&quot;background_slideshow_loop&quot;:&quot;yes&quot;,&quot;background_slideshow_slide_duration&quot;:5000,&quot;background_slideshow_slide_transition&quot;:&quot;fade&quot;,&quot;background_slideshow_transition_duration&quot;:500}\">\n\t\t\t\t<\/div>\n\t\t\t\t<div class=\"elementor-element elementor-element-f511f3a elementor-widget elementor-widget-text-editor\" data-id=\"f511f3a\" data-element_type=\"widget\" data-widget_type=\"text-editor.default\">\n\t\t\t\t<div class=\"elementor-widget-container\">\n\t\t\t\t\t\t\t\t\t<h4><strong>Ruby Rawson (they\/him, wei\u00df, trans masc, non-disabled)<\/strong><\/h4><h4><em> Kuration, k<\/em><em>oordination Side Programm, Abendleitung, koordination Helping hands, koordination K\u00fcnstler*innen<\/em><\/h4><h4>ist 27 Jahre alt, und Schauspieler*in. Ruby wurde in Forest Row, England geboren und ist in Stuttgart und Hamburg aufgewachsen. Nach dem Abitur und mehreren Praktika am Jungen Schauspielhaus Hamburg, hat Ruby in Ludwigsburg an der AdK Schauspiel studiert und war anschlie\u00dfend am Theater Konstanz engagiert. Seit diesem Herbst studiert Ruby Applied Theater Studies im Master in Gie\u00dfen. Ruby engagiert sich im queeren Aktivismus und ist auf queer Partys als Awareness Person anzutreffen. Ruby ist Teil des Kollektivs alphabeten mafia 2000. Zusammen realisierten sie das Theaterst\u00fcck \u201cUnfreiwillige Poet*innen\u201d und erarbeiteten eine Accountability Guideline f\u00fcr Theaterbesuche f\u00fcr junges Publikum.<\/h4>\t\t\t\t\t\t\t\t<\/div>\n\t\t\t\t<\/div>\n\t\t\t\t<\/div>\n\t\t<div class=\"elementor-element elementor-element-a517a44 e-con-full e-grid e-con e-child\" data-id=\"a517a44\" data-element_type=\"container\">\n\t\t<div class=\"elementor-element elementor-element-f0c16c8 e-con-full e-flex e-con e-child\" data-id=\"f0c16c8\" data-element_type=\"container\" data-settings=\"{&quot;background_background&quot;:&quot;slideshow&quot;,&quot;background_slideshow_gallery&quot;:[{&quot;id&quot;:10938,&quot;url&quot;:&quot;https:\\\/\\\/diskursfestival.de\\\/wp-content\\\/uploads\\\/2025\\\/10\\\/Photo-Hanna-1.png&quot;}],&quot;background_slideshow_loop&quot;:&quot;yes&quot;,&quot;background_slideshow_slide_duration&quot;:5000,&quot;background_slideshow_slide_transition&quot;:&quot;fade&quot;,&quot;background_slideshow_transition_duration&quot;:500}\">\n\t\t\t\t<\/div>\n\t\t\t\t<div class=\"elementor-element elementor-element-af39a63 elementor-widget elementor-widget-text-editor\" data-id=\"af39a63\" data-element_type=\"widget\" data-widget_type=\"text-editor.default\">\n\t\t\t\t<div class=\"elementor-widget-container\">\n\t\t\t\t\t\t\t\t\t<h4><strong>Hanna Launikovich (sie\/ihr, Wei\u00df, non-disabled)<\/strong><\/h4><h4><em>Kuration, koordination <\/em><em>Theoreticians, Diskurs <\/em><em>Archiv<\/em><\/h4><h4>ist Performance-K\u00fcnstler*in und DJ_ane belarussischer Herkunft, die zurzeit MA &#8218;Choreographie und Performance&#8216; bei der Institut f\u00fcr Angewandte Theaterwissenschaft (Gie\u00dfen) studiert. Seit 2018 arbeitet sie mit interdisziplin\u00e4ren Dokumentationspraktiken. In ihrer k\u00fcnstlerischen Praxis legt sie einen besonderen Fokus auf die Themen Trauma, Nostalgie und Isolation. Diese Themen erforscht sie durch Klanglandschaften, die auf Field Recordings, Stimmimprovisationen und performativen Partituren basieren. Zudem interessiert sich Hanna f\u00fcr die Entwicklung von Deimperialisierungs-praktiken, die auf die gesamte postsowjetische Region anwendbar sind.<\/h4><h4>\u00a0<\/h4>\t\t\t\t\t\t\t\t<\/div>\n\t\t\t\t<\/div>\n\t\t\t\t<\/div>\n\t\t<div class=\"elementor-element elementor-element-dbeb133 e-con-full e-grid e-con e-child\" data-id=\"dbeb133\" data-element_type=\"container\">\n\t\t<div class=\"elementor-element elementor-element-b26f2f8 e-con-full e-flex e-con e-child\" data-id=\"b26f2f8\" data-element_type=\"container\" data-settings=\"{&quot;background_background&quot;:&quot;slideshow&quot;,&quot;background_slideshow_gallery&quot;:[{&quot;id&quot;:11221,&quot;url&quot;:&quot;https:\\\/\\\/diskursfestival.de\\\/wp-content\\\/uploads\\\/2025\\\/10\\\/photo_2025-10-16_12-47-56-1.jpg&quot;}],&quot;background_slideshow_loop&quot;:&quot;yes&quot;,&quot;background_slideshow_slide_duration&quot;:5000,&quot;background_slideshow_slide_transition&quot;:&quot;fade&quot;,&quot;background_slideshow_transition_duration&quot;:500}\">\n\t\t\t\t<\/div>\n\t\t\t\t<div class=\"elementor-element elementor-element-79e932f elementor-widget elementor-widget-text-editor\" data-id=\"79e932f\" data-element_type=\"widget\" data-widget_type=\"text-editor.default\">\n\t\t\t\t<div class=\"elementor-widget-container\">\n\t\t\t\t\t\t\t\t\t<h4><strong>Mona Altmann (sie\/ihr, Wei\u00df, non-disabled)<\/strong><\/h4><h4><em>Kuration, Konzept und Gestaltung Festivalzentrum, koordination R\u00e4ume, koordination K\u00fcnstler*innen<\/em><\/h4><h4>Ihre interdisziplin\u00e4re Praxis bewegt sich zwischen Theorie und Praxis sowie zwischen bildender und darstellender Kunst. Neben ihrer k\u00fcnstlerischen Arbeit schreibt sie Texte, arbeitet an Publikationen und kuratiert Ausstellungen. Sie hat einen Master-Abschluss in Kunsttheorie und Szenografie der Hochschule f\u00fcr Gestaltung und Kunst Karlsruhe und absolviert derzeit einen Master-Studiengang in Angewandter Theaterwissenschaft in Gie\u00dfen.<\/h4><h4>\u00a0<\/h4>\t\t\t\t\t\t\t\t<\/div>\n\t\t\t\t<\/div>\n\t\t\t\t<\/div>\n\t\t<div class=\"elementor-element elementor-element-13b0578 e-con-full e-grid e-con e-child\" data-id=\"13b0578\" data-element_type=\"container\">\n\t\t<div class=\"elementor-element elementor-element-de52fe8 e-con-full e-flex e-con e-child\" data-id=\"de52fe8\" data-element_type=\"container\" data-settings=\"{&quot;background_background&quot;:&quot;slideshow&quot;,&quot;background_slideshow_gallery&quot;:[{&quot;id&quot;:11224,&quot;url&quot;:&quot;https:\\\/\\\/diskursfestival.de\\\/wp-content\\\/uploads\\\/2025\\\/10\\\/IMG_20250502_155521305-scaled.jpg&quot;}],&quot;background_slideshow_loop&quot;:&quot;yes&quot;,&quot;background_slideshow_slide_duration&quot;:5000,&quot;background_slideshow_slide_transition&quot;:&quot;fade&quot;,&quot;background_slideshow_transition_duration&quot;:500}\">\n\t\t\t\t<\/div>\n\t\t\t\t<div class=\"elementor-element elementor-element-431d64b elementor-widget elementor-widget-text-editor\" data-id=\"431d64b\" data-element_type=\"widget\" data-widget_type=\"text-editor.default\">\n\t\t\t\t<div class=\"elementor-widget-container\">\n\t\t\t\t\t\t\t\t\t<p><strong>Yossi Herzka (er\/ihm, Weiss, non-disabled)<\/strong><\/p><h4><em>Kuration, \u00d6ffentlichkeitsarbeit, koordination Website und social media<\/em><\/h4><h4>studiert seit 2024 Angewandte Theater-wissenschaften in Gie\u00dfen. Zuvor arbeitete er nach einer Anstellung im Foyer Public des Theater Basel in der Vermittlung und Audience Development an der Kaserne Basel und setzte die Auseinandersetzung mit und Arbeit an der Frage der Zug\u00e4nglichkeit und Verortung von Theater in der Gesellschaft als Koordinator Vermittlung f\u00fcr&#8217;s Theaterfestival Basel 2024 fort.<\/h4>\t\t\t\t\t\t\t\t<\/div>\n\t\t\t\t<\/div>\n\t\t\t\t<\/div>\n\t\t<div class=\"elementor-element elementor-element-5f4ac0f e-con-full e-grid e-con e-child\" data-id=\"5f4ac0f\" data-element_type=\"container\">\n\t\t<div class=\"elementor-element elementor-element-b59a093 e-con-full e-flex e-con e-child\" data-id=\"b59a093\" data-element_type=\"container\" data-settings=\"{&quot;background_background&quot;:&quot;slideshow&quot;,&quot;background_slideshow_gallery&quot;:[{&quot;id&quot;:11296,&quot;url&quot;:&quot;https:\\\/\\\/diskursfestival.de\\\/wp-content\\\/uploads\\\/2025\\\/10\\\/photo_2025-10-24_00-14-40.jpg&quot;}],&quot;background_slideshow_loop&quot;:&quot;yes&quot;,&quot;background_slideshow_slide_duration&quot;:5000,&quot;background_slideshow_slide_transition&quot;:&quot;fade&quot;,&quot;background_slideshow_transition_duration&quot;:500}\">\n\t\t\t\t<\/div>\n\t\t\t\t<div class=\"elementor-element elementor-element-f9e2bb5 elementor-widget elementor-widget-text-editor\" data-id=\"f9e2bb5\" data-element_type=\"widget\" data-widget_type=\"text-editor.default\">\n\t\t\t\t<div class=\"elementor-widget-container\">\n\t\t\t\t\t\t\t\t\t<h4><strong>Olen Mamai (Slawisch-Wei\u00df, semi-disabled, Aussprache kann variieren)<\/strong><\/h4><h4><em>Produktion<\/em><\/h4><h4>ist 29 Jahre alt, wurde in Kyjiw, Ukraine, geboren und ist eine nicht-bin\u00e4re Performancek\u00fcnstler*in. Olen besch\u00e4ftigt sich mit der Entwicklung von Performances, der Kuration und Organisation von (Kunst-)Veranstaltungen sowie der Leitung von Workshops. Olen hat an mehreren Ausgaben des Internationalen Studierendenfestivals Diskurs in Gie\u00dfen teilgenommen und mitorganisiert. In den Jahren 2022\/2023 leitete Olen die Online-Selbsthilfegruppe f\u00fcr ukrainische K\u00fcnstler:innen \u201eImplan.tat\u201c im Rahmen des Frankfurter Implantieren-Festivals. Der Fokus von Olens Arbeiten ist oft autobiografisch und liegt auf den Themen Trauma, Queerness und Herkunft.<\/h4>\t\t\t\t\t\t\t\t<\/div>\n\t\t\t\t<\/div>\n\t\t\t\t<\/div>\n\t\t<div class=\"elementor-element elementor-element-0d55ab3 e-con-full e-grid e-con e-child\" data-id=\"0d55ab3\" data-element_type=\"container\">\n\t\t<div class=\"elementor-element elementor-element-f9b2844 e-con-full e-flex e-con e-child\" data-id=\"f9b2844\" data-element_type=\"container\" data-settings=\"{&quot;background_background&quot;:&quot;slideshow&quot;,&quot;background_slideshow_gallery&quot;:[{&quot;id&quot;:11256,&quot;url&quot;:&quot;https:\\\/\\\/diskursfestival.de\\\/wp-content\\\/uploads\\\/2025\\\/10\\\/photo_2025-10-21_00-40-29.jpg&quot;}],&quot;background_slideshow_loop&quot;:&quot;yes&quot;,&quot;background_slideshow_slide_duration&quot;:5000,&quot;background_slideshow_slide_transition&quot;:&quot;fade&quot;,&quot;background_slideshow_transition_duration&quot;:500}\">\n\t\t\t\t<\/div>\n\t\t\t\t<div class=\"elementor-element elementor-element-8860399 elementor-widget elementor-widget-text-editor\" data-id=\"8860399\" data-element_type=\"widget\" data-widget_type=\"text-editor.default\">\n\t\t\t\t<div class=\"elementor-widget-container\">\n\t\t\t\t\t\t\t\t\t<h4><strong>Lou Hampel (sie\/ihr\/alle Pronomen, Wei\u00df, non-disabled)<\/strong><\/h4><h4><em>Konzept und Design Festivalzentrum, Grafikdesign, Design Website<\/em><\/h4><h4>ist in Bielefeld geboren und lebt als K\u00fcnstlerin in Gie\u00dfen und Berlin. W\u00e4hrend ihres Studiums der Bildenden Kunst an der UdK Berlin hat sie lange Skulpturen gebaut und sich eines Tages nach Bewegung gesehnt. Diesem Interesse folgte sie anschlie\u00dfend innerhalb ihres Masterstudiums der Angewandten Theaterwissenschaft. Lou macht kurze Performances, Videoarbeiten, Rauminstallationen und bewegte Objekte. In ihren Arbeiten geht es oft um K\u00f6rper in gewaltvollen Beziehungen und deren (fehlende) Beweggr\u00fcnde.<\/h4><p>\u00a0<\/p><p>\u00a0<\/p><p>\u00a0<\/p><p>\u00a0<\/p><p>\u00a0<\/p>\t\t\t\t\t\t\t\t<\/div>\n\t\t\t\t<\/div>\n\t\t\t\t<\/div>\n\t\t<div class=\"elementor-element elementor-element-d229bee e-con-full e-grid e-con e-child\" data-id=\"d229bee\" data-element_type=\"container\">\n\t\t<div class=\"elementor-element elementor-element-f494541 e-con-full e-flex e-con e-child\" data-id=\"f494541\" data-element_type=\"container\" data-settings=\"{&quot;background_background&quot;:&quot;slideshow&quot;,&quot;background_slideshow_gallery&quot;:[{&quot;id&quot;:11484,&quot;url&quot;:&quot;https:\\\/\\\/diskursfestival.de\\\/wp-content\\\/uploads\\\/2025\\\/10\\\/photo_2025-10-31_00-06-21.jpg&quot;}],&quot;background_slideshow_loop&quot;:&quot;yes&quot;,&quot;background_slideshow_slide_duration&quot;:5000,&quot;background_slideshow_slide_transition&quot;:&quot;fade&quot;,&quot;background_slideshow_transition_duration&quot;:500}\">\n\t\t\t\t<\/div>\n\t\t\t\t<div class=\"elementor-element elementor-element-0aefbdd elementor-widget elementor-widget-text-editor\" data-id=\"0aefbdd\" data-element_type=\"widget\" data-widget_type=\"text-editor.default\">\n\t\t\t\t<div class=\"elementor-widget-container\">\n\t\t\t\t\t\t\t\t\t<h4><strong>Marie Engert (keine\/they, Wei\u00df, non-disabled)<\/strong><\/h4><h4><em>technische Leitung<\/em><\/h4><h4>studiert im Master Angewandte Theater-wissenschaft in Gie\u00dfen und arbeitet in Hessen und \u00fcberregional als Sounddesigner:in und Audiotechniker:in. Maries Arbeiten, in denen ein besonderes Interesse der Untersuchung von Noise als L\u00fccke und Potenzial gilt, reichen dabei von Performances, zu H\u00f6rspielen und Installationen. <br \/>Neben der k\u00fcnstlerischen Arbeit \u00fcbernimmt Marie technische Jobs, ist technische Hilfskraft am Institut f\u00fcr Angewandte Theaterwissenschaft und unterrichtet dort auch regelm\u00e4\u00dfig praktische Kurse.<\/h4><p>\u00a0<\/p><p>\u00a0<\/p><p>\u00a0<\/p><p>\u00a0<\/p><p>\u00a0<\/p>\t\t\t\t\t\t\t\t<\/div>\n\t\t\t\t<\/div>\n\t\t\t\t<\/div>\n\t\t<div class=\"elementor-element elementor-element-123d11f e-con-full e-grid e-con e-child\" data-id=\"123d11f\" data-element_type=\"container\">\n\t\t<div class=\"elementor-element elementor-element-b4343b9 e-con-full e-flex e-con e-child\" data-id=\"b4343b9\" data-element_type=\"container\" data-settings=\"{&quot;background_background&quot;:&quot;slideshow&quot;,&quot;background_slideshow_gallery&quot;:[{&quot;id&quot;:11264,&quot;url&quot;:&quot;https:\\\/\\\/diskursfestival.de\\\/wp-content\\\/uploads\\\/2025\\\/10\\\/photo_2025-10-21_18-10-39.jpg&quot;}],&quot;background_slideshow_loop&quot;:&quot;yes&quot;,&quot;background_slideshow_slide_duration&quot;:5000,&quot;background_slideshow_slide_transition&quot;:&quot;fade&quot;,&quot;background_slideshow_transition_duration&quot;:500}\">\n\t\t\t\t<\/div>\n\t\t\t\t<div class=\"elementor-element elementor-element-337dd8e elementor-widget elementor-widget-text-editor\" data-id=\"337dd8e\" data-element_type=\"widget\" data-widget_type=\"text-editor.default\">\n\t\t\t\t<div class=\"elementor-widget-container\">\n\t\t\t\t\t\t\t\t\t<h4><strong>Jonah Helfert (keine\/they, Wei\u00df, non-binary, non-disabled)<\/strong><\/h4><h4><em>technische Assistenz<\/em><\/h4><h4>wurde 2003 in mannheim geboren und wuchs in ludwigshafen am rhein auf. nach dem abitur absolvierte jonah einen freiwilligendienst am nationaltheater mannheim, wo jonah unter anderem f\u00fcr die reihe \u201eins kalte wasser\u201c sowie die \u201efestivalakademie der 22. internationalen schillertage\u201c organisatorisch verantwortlich war. seit 2023 studiert jonah angewandte theaterwissenschaft in gie\u00dfen und besch\u00e4ftigt sich neben eigenen performativen arbeiten auch mit k\u00fcnstlerischer, technischer und organisatorischer betreuung von projekten und festivals. ehrenamtlich ist jonah in einem verein der kunst- und kulturf\u00f6rderung aktiv.<\/h4><p>\u00a0<\/p><p>\u00a0<\/p><p>\u00a0<\/p>\t\t\t\t\t\t\t\t<\/div>\n\t\t\t\t<\/div>\n\t\t\t\t<\/div>\n\t\t\t\t\t<\/div>\n\t\t\t\t<\/div>\n\t\t\t\t<\/div>\n\t\t","protected":false},"excerpt":{"rendered":"<p>Team Diskurs 2025 Ruby Rawson (they\/him, wei\u00df, trans masc, non-disabled) Kuration, koordination Side Programm, Abendleitung, koordination Helping hands, koordination K\u00fcnstler*innen ist 27 Jahre alt, und Schauspieler*in. Ruby wurde in Forest Row, England geboren und ist in Stuttgart und Hamburg aufgewachsen. Nach dem Abitur und mehreren Praktika am Jungen Schauspielhaus Hamburg, hat Ruby in Ludwigsburg an [&hellip;]<\/p>\n","protected":false},"author":1,"featured_media":0,"parent":0,"menu_order":0,"comment_status":"closed","ping_status":"closed","template":"","meta":{"footnotes":""},"class_list":["post-3250","page","type-page","status-publish","hentry"],"_links":{"self":[{"href":"https:\/\/diskursfestival.de\/en\/wp-json\/wp\/v2\/pages\/3250","targetHints":{"allow":["GET"]}}],"collection":[{"href":"https:\/\/diskursfestival.de\/en\/wp-json\/wp\/v2\/pages"}],"about":[{"href":"https:\/\/diskursfestival.de\/en\/wp-json\/wp\/v2\/types\/page"}],"author":[{"embeddable":true,"href":"https:\/\/diskursfestival.de\/en\/wp-json\/wp\/v2\/users\/1"}],"replies":[{"embeddable":true,"href":"https:\/\/diskursfestival.de\/en\/wp-json\/wp\/v2\/comments?post=3250"}],"version-history":[{"count":100,"href":"https:\/\/diskursfestival.de\/en\/wp-json\/wp\/v2\/pages\/3250\/revisions"}],"predecessor-version":[{"id":11502,"href":"https:\/\/diskursfestival.de\/en\/wp-json\/wp\/v2\/pages\/3250\/revisions\/11502"}],"wp:attachment":[{"href":"https:\/\/diskursfestival.de\/en\/wp-json\/wp\/v2\/media?parent=3250"}],"curies":[{"name":"wp","href":"https:\/\/api.w.org\/{rel}","templated":true}]}}