{"id":7827,"date":"2025-05-19T19:30:53","date_gmt":"2025-05-19T17:30:53","guid":{"rendered":"https:\/\/diskursfestival.de\/?page_id=7827"},"modified":"2025-08-15T15:47:19","modified_gmt":"2025-08-15T13:47:19","slug":"impressum-2025","status":"publish","type":"page","link":"https:\/\/diskursfestival.de\/en\/impressum-2025\/","title":{"rendered":"imprint"},"content":{"rendered":"<div data-elementor-type=\"wp-page\" data-elementor-id=\"7827\" class=\"elementor elementor-7827\" data-elementor-post-type=\"page\">\n\t\t\t\t<div class=\"elementor-element elementor-element-c0049a4 e-grid e-con-boxed e-con e-parent\" data-id=\"c0049a4\" data-element_type=\"container\">\n\t\t\t\t\t<div class=\"e-con-inner\">\n\t\t\t\t<div class=\"elementor-element elementor-element-9714204 elementor-widget elementor-widget-text-editor\" data-id=\"9714204\" data-element_type=\"widget\" data-widget_type=\"text-editor.default\">\n\t\t\t\t<div class=\"elementor-widget-container\">\n\t\t\t\t\t\t\t\t\t<section class=\"elementor-section elementor-top-section elementor-element elementor-element-3101f71c elementor-section-boxed elementor-section-height-default elementor-section-height-default\" data-id=\"3101f71c\" data-element_type=\"section\"><div class=\"elementor-container elementor-column-gap-default\"><div class=\"elementor-column elementor-col-100 elementor-top-column elementor-element elementor-element-68df80e1\" data-id=\"68df80e1\" data-element_type=\"column\"><div class=\"elementor-widget-wrap elementor-element-populated\"><div class=\"elementor-element elementor-element-3d2471bb elementor-widget elementor-widget-text-editor\" data-id=\"3d2471bb\" data-element_type=\"widget\" data-widget_type=\"text-editor.default\"><div class=\"elementor-widget-container\"><h5><strong>DISKURS\u00a0Festival \/\/ kunstrasen giessen e. V.<\/strong><\/h5><h5>Information according to \u00a7 5 TMG<\/h5><h5>adress:<br \/>kunstrasen giessen e.V.<br \/>Bismarckstra\u00dfe 37<br \/>35390 Gie\u00dfen<\/h5><h5>postal adress<br \/>kunstrasen giessen e.V.<br \/>Postfach 11 06 01<br \/>35351 Gie\u00dfen<\/h5><h5><strong>Represented by:<\/strong><br \/>Jonah Helfert (Vorstandsvorsitzende*r)<br \/>Ruby Rawson (stv. Vorsitzende*r)<br \/>Elisa Szakinnis (Kassenwartin)<\/h5><h5><strong>contact:<br \/><\/strong>E-Mail: info@diskursfestival.de<\/h5><h5><strong>Register entry:<br \/><\/strong>Entry in the register court: Gie\u00dfen Register number: VR 2631<\/h5><h5><strong>Supervisory authority:<\/strong>\u00a0Register of associations of the district court Gie\u00dfen<\/h5><h5><strong>Responsible for the content according to \u00a7 55 Abs. 2 RStV:<br \/><\/strong><em>DISKURS Festival<\/em>\u00a0in the name of kunstrasen giessen e. V.<\/h5><h5><strong>DISCLAIMER<br \/><\/strong><strong>Liability for contents<br \/><\/strong>The contents of our pages were created with the utmost care. However, we cannot guarantee the accuracy, completeness and timeliness of the content. As a service provider, we are responsible for our own content on these pages in accordance with \u00a7 7 paragraph 1 TMG under the general laws. According to \u00a7\u00a7 8 to 10 TMG, however, we are not obligated as a service provider to monitor transmitted or stored third-party information or to investigate circumstances that indicate illegal activity. Obligations to remove or block the use of information according to general laws remain unaffected. However, liability in this regard is only possible from the point in time at which a concrete infringement of the law becomes known. If we become aware of any such infringements, we will remove the relevant content immediately.<\/h5><h5><strong>Liability for links<\/strong><strong><br \/><\/strong>Our offer contains links to external websites of third parties, on whose contents we have no influence. Therefore, we cannot assume any liability for these external contents. The respective provider or operator of the pages is always responsible for the content of the linked pages. The linked pages were checked for possible legal violations at the time of linking. Illegal contents were not recognizable at the time of linking. However, a permanent control of the contents of the linked pages is not reasonable without concrete evidence of a violation of the law. If we become aware of any infringements, we will remove such links immediately.<\/h5><h5><strong>Copyright<br \/><\/strong>The content and works created by the site operators on these pages are subject to German copyright law. Duplication, processing, distribution, or any form of commercialization of such material beyond the scope of the copyright law shall require the prior written consent of its respective author or creator. Downloads and copies of this site are only permitted for private, non-commercial use. Insofar as the content on this site was not created by the operator, the copyrights of third parties are respected. In particular, third-party content is identified as such. Should you nevertheless become aware of a copyright infringement, please inform us accordingly. If we become aware of any infringements, we will remove such content immediately.<\/h5><h5><strong>Data protection<br \/><\/strong>The use of our website is generally possible without providing personal data. Insofar as on our side personal data (such as name, address or e-mail addresses) are collected on a voluntary basis if possible. This data will not be passed on to third parties without your express consent.<\/h5><h5>We point out that data transmission over the Internet (e.g. communication by e-mail) can cause security gaps. A complete protection of data against access by third parties is not possible.<\/h5><h5>The use of contact data published within the framework of the imprint obligation by third parties for the purpose of sending unsolicited advertising and information materials is hereby expressly prohibited. The operators of the pages expressly reserve the right to take legal action in the event of the unsolicited sending of advertising information, such as spam mails.<\/h5><\/div><\/div><\/div><\/div><\/div><\/section>\t\t\t\t\t\t\t\t<\/div>\n\t\t\t\t<\/div>\n\t\t\t\t\t<\/div>\n\t\t\t\t<\/div>\n\t\t\t\t<\/div>","protected":false},"excerpt":{"rendered":"<p>DISKURS\u00a0Festival \/\/ kunstrasen giessen e. V. Angaben gem\u00e4\u00df \u00a7 5 TMG adress:kunstrasen giessen e.V.Bismarckstra\u00dfe 3735390 Gie\u00dfen Postadresse:kunstrasen giessen e.V.Postfach 11 06 0135351 Gie\u00dfen Vertreten durch:Jonah Helfert (Vorstandsvorsitzende*r)Ruby Rawson (stv. Vorsitzende*r)Elisa Szakinnis (Kassenwartin) Kontakt:E-Mail: info@diskursfestival.de Registereintrag:Eintragung im Registergericht: Gie\u00dfen Registernummer: VR 2631 Aufsichtsbeh\u00f6rde:\u00a0Vereinsregister des Amtsgerichts Gie\u00dfen Verantwortlich f\u00fcr den Inhalt nach \u00a7 55 Abs. 2 RStV:DISKURS [&hellip;]<\/p>\n","protected":false},"author":1,"featured_media":0,"parent":0,"menu_order":0,"comment_status":"closed","ping_status":"closed","template":"","meta":{"footnotes":""},"class_list":["post-7827","page","type-page","status-publish","hentry"],"_links":{"self":[{"href":"https:\/\/diskursfestival.de\/en\/wp-json\/wp\/v2\/pages\/7827","targetHints":{"allow":["GET"]}}],"collection":[{"href":"https:\/\/diskursfestival.de\/en\/wp-json\/wp\/v2\/pages"}],"about":[{"href":"https:\/\/diskursfestival.de\/en\/wp-json\/wp\/v2\/types\/page"}],"author":[{"embeddable":true,"href":"https:\/\/diskursfestival.de\/en\/wp-json\/wp\/v2\/users\/1"}],"replies":[{"embeddable":true,"href":"https:\/\/diskursfestival.de\/en\/wp-json\/wp\/v2\/comments?post=7827"}],"version-history":[{"count":28,"href":"https:\/\/diskursfestival.de\/en\/wp-json\/wp\/v2\/pages\/7827\/revisions"}],"predecessor-version":[{"id":10232,"href":"https:\/\/diskursfestival.de\/en\/wp-json\/wp\/v2\/pages\/7827\/revisions\/10232"}],"wp:attachment":[{"href":"https:\/\/diskursfestival.de\/en\/wp-json\/wp\/v2\/media?parent=7827"}],"curies":[{"name":"wp","href":"https:\/\/api.w.org\/{rel}","templated":true}]}}